{"id":741,"date":"2025-03-20T20:19:57","date_gmt":"2025-03-20T19:19:57","guid":{"rendered":"https:\/\/alfaagencjacelna.pl\/?page_id=741"},"modified":"2025-03-26T10:22:11","modified_gmt":"2025-03-26T09:22:11","slug":"zapraszamy-na-bezplatny-webinar-odprawa-celna-z-art-33a","status":"publish","type":"page","link":"https:\/\/alfaagencjacelna.pl\/uk\/zapraszamy-na-bezplatny-webinar-odprawa-celna-z-art-33a\/","title":{"rendered":"Odprawa celna z art. 33A \u2013 czyli jak nie p\u0142aci\u0107 VAT od razu?"},"content":{"rendered":"<style>.kb-row-layout-id741_98cba7-1c > .kt-row-column-wrap{align-content:start;}:where(.kb-row-layout-id741_98cba7-1c > .kt-row-column-wrap) > .wp-block-kadence-column{justify-content:start;}.kb-row-layout-id741_98cba7-1c > .kt-row-column-wrap{column-gap:var(--global-kb-gap-md, 2rem);row-gap:var(--global-kb-gap-md, 2rem);padding-top:var(--global-kb-spacing-sm, 1.5rem);padding-bottom:var(--global-kb-spacing-sm, 1.5rem);grid-template-columns:minmax(0, calc(30% - ((var(--global-kb-gap-md, 2rem) * 1 )\/2)))minmax(0, calc(70% - ((var(--global-kb-gap-md, 2rem) * 1 )\/2)));}.kb-row-layout-id741_98cba7-1c > .kt-row-layout-overlay{opacity:0.30;}@media all and (max-width: 1024px){.kb-row-layout-id741_98cba7-1c > .kt-row-column-wrap{grid-template-columns:repeat(2, minmax(0, 1fr));}}@media all and (max-width: 767px){.kb-row-layout-id741_98cba7-1c > .kt-row-column-wrap{grid-template-columns:minmax(0, 1fr);}}<\/style><div class=\"kb-row-layout-wrap kb-row-layout-id741_98cba7-1c alignnone wp-block-kadence-rowlayout\"><div class=\"kt-row-column-wrap kt-has-2-columns kt-row-layout-equal kt-tab-layout-inherit kt-mobile-layout-row kt-row-valign-top\">\n<style>.kadence-column741_c34fbd-b0 > .kt-inside-inner-col,.kadence-column741_c34fbd-b0 > .kt-inside-inner-col:before{border-top-left-radius:0px;border-top-right-radius:0px;border-bottom-right-radius:0px;border-bottom-left-radius:0px;}.kadence-column741_c34fbd-b0 > .kt-inside-inner-col{column-gap:var(--global-kb-gap-sm, 1rem);}.kadence-column741_c34fbd-b0 > .kt-inside-inner-col{flex-direction:column;}.kadence-column741_c34fbd-b0 > .kt-inside-inner-col > .aligncenter{width:100%;}.kadence-column741_c34fbd-b0 > .kt-inside-inner-col:before{opacity:0.3;}.kadence-column741_c34fbd-b0{position:relative;}@media all and (max-width: 1024px){.kadence-column741_c34fbd-b0 > .kt-inside-inner-col{flex-direction:column;justify-content:center;}}@media all and (max-width: 767px){.kadence-column741_c34fbd-b0 > .kt-inside-inner-col{flex-direction:column;justify-content:center;}}<\/style>\n<div class=\"wp-block-kadence-column kadence-column741_c34fbd-b0\"><div class=\"kt-inside-inner-col\"><style>.kb-image741_87c7d8-61 .kb-image-has-overlay:after{opacity:0.3;}<\/style>\n<figure class=\"wp-block-kadence-image kb-image741_87c7d8-61\"><img loading=\"lazy\" decoding=\"async\" width=\"920\" height=\"1074\" src=\"https:\/\/alfaagencjacelna.pl\/wp-content\/uploads\/2025\/03\/69E74B33-28B6-46D4-882B-69109E76194F.png\" alt=\"\" class=\"kb-img wp-image-772\" srcset=\"https:\/\/alfaagencjacelna.pl\/wp-content\/uploads\/2025\/03\/69E74B33-28B6-46D4-882B-69109E76194F.png 920w, https:\/\/alfaagencjacelna.pl\/wp-content\/uploads\/2025\/03\/69E74B33-28B6-46D4-882B-69109E76194F-257x300.png 257w, https:\/\/alfaagencjacelna.pl\/wp-content\/uploads\/2025\/03\/69E74B33-28B6-46D4-882B-69109E76194F-877x1024.png 877w, https:\/\/alfaagencjacelna.pl\/wp-content\/uploads\/2025\/03\/69E74B33-28B6-46D4-882B-69109E76194F-768x897.png 768w\" sizes=\"auto, (max-width: 920px) 100vw, 920px\" \/><\/figure>\n\n\n\n<details class=\"wp-block-details is-layout-flow wp-block-details-is-layout-flow\"><summary><strong><strong><strong>Marcin Szreder &#8211; praktyk z 10-letnim do\u015bwiadczeniem<\/strong><\/strong><\/strong><\/summary>\n<p class=\"has-small-font-size\">\u041f\u0440\u0430\u0446\u044e\u0454 \u043c\u0438\u0442\u043d\u0438\u043c \u0430\u0433\u0435\u043d\u0442\u043e\u043c \u0437 2012 \u0440\u043e\u043a\u0443. \u041c\u0430\u0439\u0436\u0435 \u0434\u0435\u0441\u044f\u0442\u044c \u0440\u043e\u043a\u0456\u0432 \u043a\u0435\u0440\u0443\u0454 \u043a\u043e\u043c\u0430\u043d\u0434\u0430\u043c\u0438 \u0430\u0433\u0435\u043d\u0442\u0456\u0432, \u0440\u0430\u043d\u0456\u0448\u0435 \u0432 \u0456\u043d\u0448\u0438\u0445 \u043a\u043e\u043c\u043f\u0430\u043d\u0456\u044f\u0445. \u0429\u043e\u0434\u043d\u044f \u0437\u0434\u0456\u0439\u0441\u043d\u044e\u0454 \u043c\u0438\u0442\u043d\u0435 \u043e\u0444\u043e\u0440\u043c\u043b\u0435\u043d\u043d\u044f \u0432 \u0431\u0443\u0434\u044c-\u044f\u043a\u0438\u0445 \u043f\u0440\u043e\u0446\u0435\u0434\u0443\u0440\u0430\u0445 \u0456 \u0432 \u0431\u0443\u0434\u044c-\u044f\u043a\u0438\u0439 \u0447\u0430\u0441. \u0410\u0432\u0442\u043e\u0440 \u043d\u0430\u0432\u0447\u0430\u043b\u044c\u043d\u0438\u0445 \u043a\u0443\u0440\u0441\u0456\u0432, \u0432\u0435\u0431\u0456\u043d\u0430\u0440\u0456\u0432 \u0442\u0430 \u0434\u043e\u0432\u0456\u0440\u0435\u043d\u0438\u0439 \u043a\u043e\u043d\u0441\u0443\u043b\u044c\u0442\u0430\u043d\u0442 \u043a\u043b\u0456\u0454\u043d\u0442\u0456\u0432 \u0437 \u043d\u0430\u0439\u0441\u043a\u043b\u0430\u0434\u043d\u0456\u0448\u0438\u0445 \u043c\u0438\u0442\u043d\u0438\u0445 \u043f\u0438\u0442\u0430\u043d\u044c.<\/p>\n\n\n\n<p><\/p>\n<\/details>\n<\/div><\/div>\n\n\n<style>.kadence-column741_7cdf27-49 > .kt-inside-inner-col,.kadence-column741_7cdf27-49 > .kt-inside-inner-col:before{border-top-left-radius:0px;border-top-right-radius:0px;border-bottom-right-radius:0px;border-bottom-left-radius:0px;}.kadence-column741_7cdf27-49 > .kt-inside-inner-col{column-gap:var(--global-kb-gap-sm, 1rem);}.kadence-column741_7cdf27-49 > .kt-inside-inner-col{flex-direction:column;}.kadence-column741_7cdf27-49 > .kt-inside-inner-col > .aligncenter{width:100%;}.kadence-column741_7cdf27-49 > .kt-inside-inner-col:before{opacity:0.3;}.kadence-column741_7cdf27-49{text-align:left;}.kadence-column741_7cdf27-49{position:relative;}@media all and (max-width: 1024px){.kadence-column741_7cdf27-49 > .kt-inside-inner-col{flex-direction:column;justify-content:center;}}@media all and (max-width: 767px){.kadence-column741_7cdf27-49 > .kt-inside-inner-col{flex-direction:column;justify-content:center;}}<\/style>\n<div class=\"wp-block-kadence-column kadence-column741_7cdf27-49\"><div class=\"kt-inside-inner-col\">\n<p>Zapraszamy na bezp\u0142atny webinar kt\u00f3ry odb\u0119dzie si\u0119 <strong>9 kwietnia w \u015brod\u0119 o godzinie 10:00<\/strong> gdzie nasz ekspert Marcin Szreder przedstawi zagadnienia interesuj\u0105ce ka\u017cdego importera.<\/p>\n\n\n\n<p>Czego dowiesz si\u0119 z webinaru?<\/p>\n\n\n\n<ul class=\"wp-block-list\">\n<li>Czym jest art. 33 A w teorii i praktyce?<\/li>\n\n\n\n<li>Dla kogo jest to rozwi\u0105zanie?<\/li>\n\n\n\n<li>Jakie korzy\u015bci ono przynosi?<\/li>\n\n\n\n<li>Jakie wymogi trzeba spe\u0142ni\u0107, aby z niego skorzysta\u0107?<\/li>\n\n\n\n<li>Dlaczego nie wszystkie agencje celne oferuj\u0105 art. 33 A?<\/li>\n<\/ul>\n\n\n\n<p>W trakcie webinaru odb\u0119dzie si\u0119 sesja Q&amp;A, podczas kt\u00f3rej b\u0119dzie mo\u017cna zadawa\u0107 pytania na \u017cywo. Jednak, je\u015bli masz pytanie ju\u017c teraz, zostaw je w\u0142a\u015bnie tu!<\/p>\n\n\n\n<div class=\"wp-block-group\"><div class=\"wp-block-group__inner-container is-layout-constrained wp-block-group-is-layout-constrained\">\n<details class=\"wp-block-details is-layout-flow wp-block-details-is-layout-flow\" open><summary>Zadaj pytanie<\/summary>\n<div style=\"height:10px\" aria-hidden=\"true\" class=\"wp-block-spacer\"><\/div>\n\n\n<div class='fluentform ff-default fluentform_wrapper_5  ff_guten_block ff_guten_block-5 ffs_default_wrap'><form data-form_id=\"5\" id=\"fluentform_5\" class=\"frm-fluent-form fluent_form_5 ff-el-form-top ff_form_instance_5_1 ff-form-loading ffs_default\" data-form_instance=\"ff_form_instance_5_1\" method=\"POST\" action=\"\" ><fieldset  style=\"border: none!important;margin: 0!important;padding: 0!important;background-color: transparent!important;box-shadow: none!important;outline: none!important; min-inline-size: 100%;\">\n                    <legend class=\"ff_screen_reader_title\" style=\"display: block; margin: 0!important;padding: 0!important;height: 0!important;text-indent: -999999px;width: 0!important;overflow:hidden;\">Pytania do webinaru<\/legend><input type='hidden' name='__fluent_form_embded_post_id' value='741' \/><input type=\"hidden\" id=\"_fluentform_5_fluentformnonce\" name=\"_fluentform_5_fluentformnonce\" value=\"a47aa298cd\" \/><input type=\"hidden\" name=\"_wp_http_referer\" value=\"\/uk\/wp-json\/wp\/v2\/pages\/741\" \/><div class='ff-el-group'><div class='ff-el-input--content'><input type=\"email\" name=\"email\" id=\"ff_5_email\" class=\"ff-el-form-control\" placeholder=\"Tw\u00f3j email\" data-name=\"email\"  aria-invalid=\"false\" aria-required=\"true\"><\/div><\/div><div class='ff-el-group'><div class='ff-el-input--content'><textarea aria-required=\"true\" aria-labelledby=\"label_ff_5_description\" name=\"description\" id=\"ff_5_description\" class=\"ff-el-form-control\" placeholder=\"Twoje pytania\" rows=\"3\" cols=\"2\" data-name=\"description\" ><\/textarea><\/div><\/div><div class='ff-el-group ff-text-left ff_submit_btn_wrapper'><button type=\"submit\" class=\"ff-btn ff-btn-submit ff-btn-md ff_btn_style\"  aria-label=\"Zadaj pytania\">Zadaj pytania<\/button><\/div><\/fieldset><input type=\"hidden\" name=\"trp-form-language\" value=\"uk\"\/><\/form><div id='fluentform_5_errors' class='ff-errors-in-stack ff_form_instance_5_1 ff-form-loading_errors ff_form_instance_5_1_errors'><\/div><\/div>            <script type=\"text\/javascript\">\n                window.fluent_form_ff_form_instance_5_1 = {\"id\":\"5\",\"settings\":{\"layout\":{\"labelPlacement\":\"top\",\"asteriskPlacement\":\"asterisk-right\",\"helpMessagePlacement\":\"with_label\",\"errorMessagePlacement\":\"inline\",\"cssClassName\":\"\"},\"restrictions\":{\"denyEmptySubmission\":{\"enabled\":false}}},\"form_instance\":\"ff_form_instance_5_1\",\"form_id_selector\":\"fluentform_5\",\"rules\":{\"email\":{\"required\":{\"value\":true,\"message\":\"To pole jest wymagane.\",\"global_message\":\"To pole jest wymagane.\",\"global\":true},\"email\":{\"value\":true,\"message\":\"To pole musi posiada\\u0107 prawid\\u0142owy email.\",\"global_message\":\"To pole musi posiada\\u0107 prawid\\u0142owy email.\",\"global\":true}},\"description\":{\"required\":{\"value\":true,\"message\":\"To pole jest wymagane.\",\"global_message\":\"To pole jest wymagane.\",\"global\":true}}},\"debounce_time\":300};\n                            <\/script>\n            <\/details>\n<\/div><\/div>\n\n\n\n<p>Na webinarze odpowiemy na nie w pierwszej kolejno\u015bci.<\/p>\n\n\n\n<p>Zapisz si\u0119 na webinar, uzupe\u0142niaj\u0105c poni\u017cszy formularz:<\/p>\n<\/div><\/div>\n\n\n<style>.kadence-column741_ae7085-2c > .kt-inside-inner-col,.kadence-column741_ae7085-2c > .kt-inside-inner-col:before{border-top-left-radius:0px;border-top-right-radius:0px;border-bottom-right-radius:0px;border-bottom-left-radius:0px;}.kadence-column741_ae7085-2c > .kt-inside-inner-col{column-gap:var(--global-kb-gap-sm, 1rem);}.kadence-column741_ae7085-2c > .kt-inside-inner-col{flex-direction:column;}.kadence-column741_ae7085-2c > .kt-inside-inner-col > .aligncenter{width:100%;}.kadence-column741_ae7085-2c > .kt-inside-inner-col:before{opacity:0.3;}.kadence-column741_ae7085-2c{position:relative;}@media all and (max-width: 1024px){.kadence-column741_ae7085-2c > .kt-inside-inner-col{flex-direction:column;justify-content:center;}}@media all and (max-width: 767px){.kadence-column741_ae7085-2c > .kt-inside-inner-col{flex-direction:column;justify-content:center;}}<\/style>\n<div class=\"wp-block-kadence-column kadence-column741_ae7085-2c\"><div class=\"kt-inside-inner-col\">\n<p><\/p>\n<\/div><\/div>\n\n\n<style>.kadence-column741_245bd9-dd > .kt-inside-inner-col{display:flex;}.kadence-column741_245bd9-dd > .kt-inside-inner-col,.kadence-column741_245bd9-dd > .kt-inside-inner-col:before{border-top-left-radius:0px;border-top-right-radius:0px;border-bottom-right-radius:0px;border-bottom-left-radius:0px;}.kadence-column741_245bd9-dd > .kt-inside-inner-col{column-gap:var(--global-kb-gap-sm, 1rem);}.kadence-column741_245bd9-dd > .kt-inside-inner-col{flex-direction:column;justify-content:space-between;align-items:stretch;}.kadence-column741_245bd9-dd > .kt-inside-inner-col > .kb-image-is-ratio-size{align-self:stretch;}.kadence-column741_245bd9-dd > .kt-inside-inner-col > .wp-block-kadence-advancedgallery{align-self:stretch;}.kadence-column741_245bd9-dd > .kt-inside-inner-col > .aligncenter{width:100%;}.kt-row-column-wrap > .kadence-column741_245bd9-dd{align-self:center;}.kt-inner-column-height-full:not(.kt-has-1-columns) > .wp-block-kadence-column.kadence-column741_245bd9-dd{align-self:auto;}.kt-inner-column-height-full:not(.kt-has-1-columns) > .wp-block-kadence-column.kadence-column741_245bd9-dd > .kt-inside-inner-col{flex-direction:column;justify-content:space-between;}.kadence-column741_245bd9-dd > .kt-inside-inner-col:before{opacity:0.3;}.kadence-column741_245bd9-dd{text-align:center;}.kadence-column741_245bd9-dd{position:relative;}@media all and (max-width: 1024px){.kadence-column741_245bd9-dd > .kt-inside-inner-col{min-height:800px;flex-direction:column;justify-content:space-between;align-items:stretch;}}@media all and (max-width: 1024px){.kt-row-column-wrap > .kadence-column741_245bd9-dd{align-self:center;}}@media all and (max-width: 1024px){.kt-inner-column-height-full:not(.kt-has-1-columns) > .wp-block-kadence-column.kadence-column741_245bd9-dd{align-self:auto;}}@media all and (max-width: 1024px){.kt-inner-column-height-full:not(.kt-has-1-columns) > .wp-block-kadence-column.kadence-column741_245bd9-dd > .kt-inside-inner-col{flex-direction:column;justify-content:space-between;}}@media all and (max-width: 767px){.kt-row-column-wrap > .kadence-column741_245bd9-dd{align-self:center;}.kt-inner-column-height-full:not(.kt-has-1-columns) > .wp-block-kadence-column.kadence-column741_245bd9-dd{align-self:auto;}.kt-inner-column-height-full:not(.kt-has-1-columns) > .wp-block-kadence-column.kadence-column741_245bd9-dd > .kt-inside-inner-col{flex-direction:column;justify-content:space-between;}.kadence-column741_245bd9-dd > .kt-inside-inner-col{flex-direction:column;justify-content:space-between;align-items:stretch;}}.kadence-column741_245bd9-dd .kt-inside-inner-col {height: 1000px;}iframe {    border-width: 0 !important;}<\/style>\n<section class=\"wp-block-kadence-column kadence-column741_245bd9-dd\"><div class=\"kt-inside-inner-col\">\n<iframe loading=\"lazy\" src=\"https:\/\/webinar.getresponse.com\/CiQpA\/odprawa-celna-art33a-czyli-jak-nie-placic-vat-od-razu\/\" width=\"100%\" height=\"100%\"><\/iframe>\n<\/div><\/section>\n\n<\/div><\/div>\n\n\n<p><\/p>","protected":false},"excerpt":{"rendered":"<p>Zapraszamy na bezp\u0142atny webinar kt\u00f3ry odb\u0119dzie si\u0119 9 kwietnia w \u015brod\u0119 o godzinie 10:00 gdzie nasz ekspert Marcin Szreder przedstawi zagadnienia interesuj\u0105ce ka\u017cdego importera. Czego dowiesz si\u0119 z webinaru? W trakcie webinaru odb\u0119dzie si\u0119 sesja Q&amp;A, podczas kt\u00f3rej b\u0119dzie mo\u017cna zadawa\u0107 pytania na \u017cywo. Jednak, je\u015bli masz pytanie ju\u017c teraz, zostaw je w\u0142a\u015bnie tu! Na&#8230;<\/p>","protected":false},"author":3,"featured_media":0,"parent":0,"menu_order":0,"comment_status":"closed","ping_status":"closed","template":"","meta":{"_kad_blocks_custom_css":"","_kad_blocks_head_custom_js":"","_kad_blocks_body_custom_js":"","_kad_blocks_footer_custom_js":"","_kad_post_transparent":"","_kad_post_title":"","_kad_post_layout":"normal","_kad_post_sidebar_id":"","_kad_post_content_style":"","_kad_post_vertical_padding":"","_kad_post_feature":"","_kad_post_feature_position":"","_kad_post_header":false,"_kad_post_footer":false,"_kad_post_classname":"","footnotes":""},"class_list":["post-741","page","type-page","status-publish","hentry"],"taxonomy_info":[],"featured_image_src_large":false,"author_info":{"display_name":"Mariusz","author_link":"https:\/\/alfaagencjacelna.pl\/uk\/author\/mariusz\/"},"comment_info":0,"_links":{"self":[{"href":"https:\/\/alfaagencjacelna.pl\/uk\/wp-json\/wp\/v2\/pages\/741","targetHints":{"allow":["GET"]}}],"collection":[{"href":"https:\/\/alfaagencjacelna.pl\/uk\/wp-json\/wp\/v2\/pages"}],"about":[{"href":"https:\/\/alfaagencjacelna.pl\/uk\/wp-json\/wp\/v2\/types\/page"}],"author":[{"embeddable":true,"href":"https:\/\/alfaagencjacelna.pl\/uk\/wp-json\/wp\/v2\/users\/3"}],"replies":[{"embeddable":true,"href":"https:\/\/alfaagencjacelna.pl\/uk\/wp-json\/wp\/v2\/comments?post=741"}],"version-history":[{"count":39,"href":"https:\/\/alfaagencjacelna.pl\/uk\/wp-json\/wp\/v2\/pages\/741\/revisions"}],"predecessor-version":[{"id":814,"href":"https:\/\/alfaagencjacelna.pl\/uk\/wp-json\/wp\/v2\/pages\/741\/revisions\/814"}],"wp:attachment":[{"href":"https:\/\/alfaagencjacelna.pl\/uk\/wp-json\/wp\/v2\/media?parent=741"}],"curies":[{"name":"wp","href":"https:\/\/api.w.org\/{rel}","templated":true}]}}