{"id":2139,"date":"2026-03-26T12:10:56","date_gmt":"2026-03-26T11:10:56","guid":{"rendered":"https:\/\/alfaagencjacelna.pl\/?page_id=2139"},"modified":"2026-03-26T14:29:18","modified_gmt":"2026-03-26T13:29:18","slug":"jedna-operacja-dwa-zespoly-jak-wspolpracuja-magazyn-i-agencja-celna","status":"publish","type":"page","link":"https:\/\/alfaagencjacelna.pl\/uk\/jedna-operacja-dwa-zespoly-jak-wspolpracuja-magazyn-i-agencja-celna\/","title":{"rendered":"\u0414\u0432\u0456 \u043a\u043e\u043c\u0430\u043d\u0434\u0438, \u043e\u0434\u043d\u0430 \u043e\u043f\u0435\u0440\u0430\u0446\u0456\u044f - \u044f\u043a \u0441\u043a\u043b\u0430\u0434 \u0456 \u043c\u0438\u0442\u043d\u0438\u0439 \u043e\u0440\u0433\u0430\u043d \u043f\u0440\u0430\u0446\u044e\u044e\u0442\u044c \u0440\u0430\u0437\u043e\u043c?"},"content":{"rendered":"<style>.kb-row-layout-id2139_ae094d-a2 > .kt-row-column-wrap{align-content:start;}:where(.kb-row-layout-id2139_ae094d-a2 > .kt-row-column-wrap) > .wp-block-kadence-column{justify-content:start;}.kb-row-layout-id2139_ae094d-a2 > .kt-row-column-wrap{column-gap:var(--global-kb-gap-md, 2rem);row-gap:var(--global-kb-gap-md, 2rem);padding-top:var(--global-kb-spacing-sm, 1.5rem);padding-bottom:var(--global-kb-spacing-sm, 1.5rem);grid-template-columns:repeat(2, minmax(0, 1fr));}.kb-row-layout-id2139_ae094d-a2 > .kt-row-layout-overlay{opacity:0.30;}@media all and (max-width: 1024px){.kb-row-layout-id2139_ae094d-a2 > .kt-row-column-wrap{grid-template-columns:repeat(2, minmax(0, 1fr));}}@media all and (max-width: 767px){.kb-row-layout-id2139_ae094d-a2 > .kt-row-column-wrap{grid-template-columns:minmax(0, 1fr);}}<\/style><div class=\"kb-row-layout-wrap kb-row-layout-id2139_ae094d-a2 alignnone wp-block-kadence-rowlayout\"><div class=\"kt-row-column-wrap kt-has-2-columns kt-row-layout-equal kt-tab-layout-inherit kt-mobile-layout-row kt-row-valign-top\">\n<style>.kadence-column2139_cacaa2-92 > .kt-inside-inner-col,.kadence-column2139_cacaa2-92 > .kt-inside-inner-col:before{border-top-left-radius:0px;border-top-right-radius:0px;border-bottom-right-radius:0px;border-bottom-left-radius:0px;}.kadence-column2139_cacaa2-92 > .kt-inside-inner-col{column-gap:var(--global-kb-gap-sm, 1rem);}.kadence-column2139_cacaa2-92 > .kt-inside-inner-col{flex-direction:column;}.kadence-column2139_cacaa2-92 > .kt-inside-inner-col > .aligncenter{width:100%;}.kadence-column2139_cacaa2-92 > .kt-inside-inner-col:before{opacity:0.3;}.kadence-column2139_cacaa2-92{text-align:left;}.kadence-column2139_cacaa2-92{position:relative;}@media all and (max-width: 1024px){.kadence-column2139_cacaa2-92 > .kt-inside-inner-col{flex-direction:column;justify-content:center;}}@media all and (max-width: 767px){.kadence-column2139_cacaa2-92 > .kt-inside-inner-col{flex-direction:column;justify-content:center;}}<\/style>\n<div class=\"wp-block-kadence-column kadence-column2139_cacaa2-92\"><div class=\"kt-inside-inner-col\"><style>.kadence-column2139_df1e6e-98 > .kt-inside-inner-col,.kadence-column2139_df1e6e-98 > .kt-inside-inner-col:before{border-top-left-radius:0px;border-top-right-radius:0px;border-bottom-right-radius:0px;border-bottom-left-radius:0px;}.kadence-column2139_df1e6e-98 > .kt-inside-inner-col{column-gap:var(--global-kb-gap-sm, 1rem);}.kadence-column2139_df1e6e-98 > .kt-inside-inner-col{flex-direction:column;}.kadence-column2139_df1e6e-98 > .kt-inside-inner-col > .aligncenter{width:100%;}.kadence-column2139_df1e6e-98 > .kt-inside-inner-col:before{opacity:0.3;}.kadence-column2139_df1e6e-98{position:relative;}@media all and (max-width: 1024px){.kadence-column2139_df1e6e-98 > .kt-inside-inner-col{flex-direction:column;justify-content:center;}}@media all and (max-width: 767px){.kadence-column2139_df1e6e-98 > .kt-inside-inner-col{flex-direction:column;justify-content:center;}}<\/style>\n<div class=\"wp-block-kadence-column kadence-column2139_df1e6e-98\"><div class=\"kt-inside-inner-col\">\n<h2 class=\"wp-block-heading\"><strong>9 kwietnia 2026 o godzinie 10:00<\/strong><br>zapraszamy na bezp\u0142atny webinar | sesja Q&amp;A na \u017cywo<\/h2>\n<\/div><\/div>\n\n\n\n<p>Wi\u0119kszo\u015b\u0107 firm obs\u0142uguje magazyn i odpraw\u0119 celn\u0105 osobno. To oznacza podw\u00f3jn\u0105 komunikacj\u0119, d\u0142u\u017csze czasy reakcji i ryzyko b\u0142\u0119d\u00f3w na styku dw\u00f3ch podmiot\u00f3w. Poka\u017cemy, jak wygl\u0105da to, gdy oba zespo\u0142y dzia\u0142aj\u0105 razem &#8211; na konkretnych przyk\u0142adach operacyjnych.<\/p>\n\n\n<style>.kadence-column2139_51a3b9-cb > .kt-inside-inner-col,.kadence-column2139_51a3b9-cb > .kt-inside-inner-col:before{border-top-left-radius:0px;border-top-right-radius:0px;border-bottom-right-radius:0px;border-bottom-left-radius:0px;}.kadence-column2139_51a3b9-cb > .kt-inside-inner-col{column-gap:var(--global-kb-gap-sm, 1rem);}.kadence-column2139_51a3b9-cb > .kt-inside-inner-col{flex-direction:column;}.kadence-column2139_51a3b9-cb > .kt-inside-inner-col > .aligncenter{width:100%;}.kadence-column2139_51a3b9-cb > .kt-inside-inner-col:before{opacity:0.3;}.kadence-column2139_51a3b9-cb{position:relative;}@media all and (max-width: 1024px){.kadence-column2139_51a3b9-cb > .kt-inside-inner-col{flex-direction:column;justify-content:center;}}@media all and (max-width: 767px){.kadence-column2139_51a3b9-cb > .kt-inside-inner-col{flex-direction:column;justify-content:center;}}<\/style>\n<div class=\"wp-block-kadence-column kadence-column2139_51a3b9-cb\"><div class=\"kt-inside-inner-col\">\n<h2 class=\"wp-block-heading\"><strong>O czym porozmawiamy<\/strong><\/h2>\n<\/div><\/div>\n\n\n\n<p><strong>Program webinaru:<\/strong><br><br><strong>Intro:<\/strong> W ci\u0105gu 30 minut przejdziemy przez pi\u0119\u0107 sytuacji, w kt\u00f3rych integracja magazynu i agencji celnej robi realn\u0105 r\u00f3\u017cnic\u0119. Nie teoria &#8211; konkretne operacje, konkretne procedury, konkretne pytania.<\/p>\n\n\n\n<p><strong>Lista temat\u00f3w (5 blok\u00f3w):<\/strong><\/p>\n\n\n\n<p><strong>1. Prze\u0142adunki bezpo\u015brednie<\/strong> Jakie dokumenty s\u0105 wymagane, kto za co odpowiada i jak wygl\u0105da operacja krok po kroku, gdy magazyn i AC dzia\u0142aj\u0105 w jednym rytmie.<\/p>\n\n\n\n<p><strong>2. Procedury naprawcze<\/strong> Co liczy si\u0119 najbardziej, gdy co\u015b idzie nie tak. Jak szybka reakcja dw\u00f3ch zespo\u0142\u00f3w skraca czas wyj\u015bcia z procedury i minimalizuje koszty dla klienta.<\/p>\n\n\n\n<p><strong>3. Sk\u0142ad celny<\/strong> Kiedy warto z niego korzysta\u0107, jakie korzy\u015bci finansowe i logistyczne z tego wynikaj\u0105 &#8211; i jak konkretnie rozk\u0142ada si\u0119 praca mi\u0119dzy magazynem a agencj\u0105 celn\u0105.<\/p>\n\n\n\n<p><strong>4. Miejsce uznane<\/strong> Do jakich operacji s\u0142u\u017cy, czy to tylko eksport, kto mo\u017ce skorzysta\u0107 i dlaczego obs\u0142uga w jednym miejscu zmienia rachunek ekonomiczny.<\/p>\n\n\n\n<p><strong>5. Kontrole celne w magazynie<\/strong> Kiedy wyst\u0119puj\u0105, jak przebiega procedura i dlaczego sprawna komunikacja mi\u0119dzy zespo\u0142ami decyduje o tym, ile czasu zajmie obs\u0142uga kontroli.<\/p>\n\n\n\n<p><\/p>\n<\/div><\/div>\n\n\n<style>.kadence-column2139_d3cf72-b1 > .kt-inside-inner-col,.kadence-column2139_d3cf72-b1 > .kt-inside-inner-col:before{border-top-left-radius:0px;border-top-right-radius:0px;border-bottom-right-radius:0px;border-bottom-left-radius:0px;}.kadence-column2139_d3cf72-b1 > .kt-inside-inner-col{column-gap:var(--global-kb-gap-sm, 1rem);}.kadence-column2139_d3cf72-b1 > .kt-inside-inner-col{flex-direction:column;}.kadence-column2139_d3cf72-b1 > .kt-inside-inner-col > .aligncenter{width:100%;}.kadence-column2139_d3cf72-b1 > .kt-inside-inner-col:before{opacity:0.3;}.kadence-column2139_d3cf72-b1{position:relative;}@media all and (max-width: 1024px){.kadence-column2139_d3cf72-b1 > .kt-inside-inner-col{flex-direction:column;justify-content:center;}}@media all and (max-width: 767px){.kadence-column2139_d3cf72-b1 > .kt-inside-inner-col{flex-direction:column;justify-content:center;}}<\/style>\n<div class=\"wp-block-kadence-column kadence-column2139_d3cf72-b1\"><div class=\"kt-inside-inner-col\"><style>.kadence-column2139_eebed4-f5 > .kt-inside-inner-col,.kadence-column2139_eebed4-f5 > .kt-inside-inner-col:before{border-top-left-radius:0px;border-top-right-radius:0px;border-bottom-right-radius:0px;border-bottom-left-radius:0px;}.kadence-column2139_eebed4-f5 > .kt-inside-inner-col{column-gap:var(--global-kb-gap-sm, 1rem);}.kadence-column2139_eebed4-f5 > .kt-inside-inner-col{flex-direction:column;}.kadence-column2139_eebed4-f5 > .kt-inside-inner-col > .aligncenter{width:100%;}.kadence-column2139_eebed4-f5 > .kt-inside-inner-col:before{opacity:0.3;}.kadence-column2139_eebed4-f5{position:relative;}@media all and (max-width: 1024px){.kadence-column2139_eebed4-f5 > .kt-inside-inner-col{flex-direction:column;justify-content:center;}}@media all and (max-width: 767px){.kadence-column2139_eebed4-f5 > .kt-inside-inner-col{flex-direction:column;justify-content:center;}}<\/style>\n<div class=\"wp-block-kadence-column kadence-column2139_eebed4-f5\"><div class=\"kt-inside-inner-col\">\n<figure class=\"wp-block-embed is-type-video is-provider-youtube wp-block-embed-youtube wp-embed-aspect-16-9 wp-has-aspect-ratio\"><div class=\"wp-block-embed__wrapper\">\n<iframe loading=\"lazy\" title=\"Zapisz si\u0119 na webinar: Od magazynu do odprawy - kluczowe momenty!\" width=\"720\" height=\"405\" src=\"https:\/\/www.youtube.com\/embed\/vovAYPpqrtk?feature=oembed&#038;enablejsapi=1&#038;origin=https:\/\/alfaagencjacelna.pl\" frameborder=\"0\" allow=\"accelerometer; autoplay; clipboard-write; encrypted-media; gyroscope; picture-in-picture; web-share\" referrerpolicy=\"strict-origin-when-cross-origin\" allowfullscreen><\/iframe>\n<\/div><\/figure>\n<\/div><\/div>\n\n\n<style>.kadence-column2139_b93994-7f > .kt-inside-inner-col,.kadence-column2139_b93994-7f > .kt-inside-inner-col:before{border-top-left-radius:0px;border-top-right-radius:0px;border-bottom-right-radius:0px;border-bottom-left-radius:0px;}.kadence-column2139_b93994-7f > .kt-inside-inner-col{column-gap:var(--global-kb-gap-sm, 1rem);}.kadence-column2139_b93994-7f > .kt-inside-inner-col{flex-direction:column;}.kadence-column2139_b93994-7f > .kt-inside-inner-col > .aligncenter{width:100%;}.kadence-column2139_b93994-7f > .kt-inside-inner-col:before{opacity:0.3;}.kadence-column2139_b93994-7f{position:relative;}@media all and (max-width: 1024px){.kadence-column2139_b93994-7f > .kt-inside-inner-col{flex-direction:column;justify-content:center;}}@media all and (max-width: 767px){.kadence-column2139_b93994-7f > .kt-inside-inner-col{flex-direction:column;justify-content:center;}}<\/style>\n<div class=\"wp-block-kadence-column kadence-column2139_b93994-7f\"><div class=\"kt-inside-inner-col\">\n<p><br><\/p>\n<\/div><\/div>\n\n\n<style>.kadence-column2139_206bb9-44 > .kt-inside-inner-col,.kadence-column2139_206bb9-44 > .kt-inside-inner-col:before{border-top-left-radius:0px;border-top-right-radius:0px;border-bottom-right-radius:0px;border-bottom-left-radius:0px;}.kadence-column2139_206bb9-44 > .kt-inside-inner-col{column-gap:var(--global-kb-gap-sm, 1rem);}.kadence-column2139_206bb9-44 > .kt-inside-inner-col{flex-direction:column;}.kadence-column2139_206bb9-44 > .kt-inside-inner-col > .aligncenter{width:100%;}.kadence-column2139_206bb9-44 > .kt-inside-inner-col:before{opacity:0.3;}.kadence-column2139_206bb9-44{position:relative;}@media all and (max-width: 1024px){.kadence-column2139_206bb9-44 > .kt-inside-inner-col{flex-direction:column;justify-content:center;}}@media all and (max-width: 767px){.kadence-column2139_206bb9-44 > .kt-inside-inner-col{flex-direction:column;justify-content:center;}}<\/style>\n<div class=\"wp-block-kadence-column kadence-column2139_206bb9-44\"><div class=\"kt-inside-inner-col\"><style>.kadence-column2139_329bf3-e3 > .kt-inside-inner-col,.kadence-column2139_329bf3-e3 > .kt-inside-inner-col:before{border-top-left-radius:0px;border-top-right-radius:0px;border-bottom-right-radius:0px;border-bottom-left-radius:0px;}.kadence-column2139_329bf3-e3 > .kt-inside-inner-col{column-gap:var(--global-kb-gap-sm, 1rem);}.kadence-column2139_329bf3-e3 > .kt-inside-inner-col{flex-direction:column;}.kadence-column2139_329bf3-e3 > .kt-inside-inner-col > .aligncenter{width:100%;}.kadence-column2139_329bf3-e3 > .kt-inside-inner-col:before{opacity:0.3;}.kadence-column2139_329bf3-e3{position:relative;}@media all and (max-width: 1024px){.kadence-column2139_329bf3-e3 > .kt-inside-inner-col{flex-direction:column;justify-content:center;}}@media all and (max-width: 767px){.kadence-column2139_329bf3-e3 > .kt-inside-inner-col{flex-direction:column;justify-content:center;}}<\/style>\n<div class=\"wp-block-kadence-column kadence-column2139_329bf3-e3\"><div class=\"kt-inside-inner-col\">\n<hr class=\"wp-block-separator has-alpha-channel-opacity\"\/>\n<\/div><\/div>\n\n\n<style>.kadence-column2139_1fbc3d-31 > .kt-inside-inner-col,.kadence-column2139_1fbc3d-31 > .kt-inside-inner-col:before{border-top-left-radius:0px;border-top-right-radius:0px;border-bottom-right-radius:0px;border-bottom-left-radius:0px;}.kadence-column2139_1fbc3d-31 > .kt-inside-inner-col{column-gap:var(--global-kb-gap-sm, 1rem);}.kadence-column2139_1fbc3d-31 > .kt-inside-inner-col{flex-direction:column;}.kadence-column2139_1fbc3d-31 > .kt-inside-inner-col > .aligncenter{width:100%;}.kadence-column2139_1fbc3d-31 > .kt-inside-inner-col:before{opacity:0.3;}.kadence-column2139_1fbc3d-31{position:relative;}@media all and (max-width: 1024px){.kadence-column2139_1fbc3d-31 > .kt-inside-inner-col{flex-direction:column;justify-content:center;}}@media all and (max-width: 767px){.kadence-column2139_1fbc3d-31 > .kt-inside-inner-col{flex-direction:column;justify-content:center;}}<\/style>\n<div class=\"wp-block-kadence-column kadence-column2139_1fbc3d-31\"><div class=\"kt-inside-inner-col\">\n<h2 class=\"wp-block-heading\"><strong>Dla kogo<\/strong><\/h2>\n<\/div><\/div>\n<\/div><\/div>\n\n\n<style>.kadence-column2139_3629a0-94 > .kt-inside-inner-col,.kadence-column2139_3629a0-94 > .kt-inside-inner-col:before{border-top-left-radius:0px;border-top-right-radius:0px;border-bottom-right-radius:0px;border-bottom-left-radius:0px;}.kadence-column2139_3629a0-94 > .kt-inside-inner-col{column-gap:var(--global-kb-gap-sm, 1rem);}.kadence-column2139_3629a0-94 > .kt-inside-inner-col{flex-direction:column;}.kadence-column2139_3629a0-94 > .kt-inside-inner-col > .aligncenter{width:100%;}.kadence-column2139_3629a0-94 > .kt-inside-inner-col:before{opacity:0.3;}.kadence-column2139_3629a0-94{position:relative;}@media all and (max-width: 1024px){.kadence-column2139_3629a0-94 > .kt-inside-inner-col{flex-direction:column;justify-content:center;}}@media all and (max-width: 767px){.kadence-column2139_3629a0-94 > .kt-inside-inner-col{flex-direction:column;justify-content:center;}}<\/style>\n<div class=\"wp-block-kadence-column kadence-column2139_3629a0-94\"><div class=\"kt-inside-inner-col\">\n<p>Ten webinar jest dla Ciebie, je\u015bli:<\/p>\n\n\n\n<ul class=\"wp-block-list\">\n<li>importujesz lub eksportujesz regularnie i chcesz skr\u00f3ci\u0107 czas obs\u0142ugi operacji celnych<\/li>\n\n\n\n<li>szukasz rozwi\u0105zania, kt\u00f3re zmniejszy liczb\u0119 podmiot\u00f3w do koordynowania przy jednej przesy\u0142ce<\/li>\n\n\n\n<li>korzystasz z zewn\u0119trznego magazynu i zewn\u0119trznej agencji celnej i zastanawiasz si\u0119, czy ta konfiguracja Ci\u0119 kosztuje<\/li>\n\n\n\n<li>masz konkretne pytania o procedury celno-magazynowe i chcesz zada\u0107 je na \u017cywo<br><br><\/li>\n<\/ul>\n<\/div><\/div>\n\n\n<style>.kadence-column2139_6b821a-66 > .kt-inside-inner-col,.kadence-column2139_6b821a-66 > .kt-inside-inner-col:before{border-top-left-radius:0px;border-top-right-radius:0px;border-bottom-right-radius:0px;border-bottom-left-radius:0px;}.kadence-column2139_6b821a-66 > .kt-inside-inner-col{column-gap:var(--global-kb-gap-sm, 1rem);}.kadence-column2139_6b821a-66 > .kt-inside-inner-col{flex-direction:column;}.kadence-column2139_6b821a-66 > .kt-inside-inner-col > .aligncenter{width:100%;}.kadence-column2139_6b821a-66 > .kt-inside-inner-col:before{opacity:0.3;}.kadence-column2139_6b821a-66{position:relative;}@media all and (max-width: 1024px){.kadence-column2139_6b821a-66 > .kt-inside-inner-col{flex-direction:column;justify-content:center;}}@media all and (max-width: 767px){.kadence-column2139_6b821a-66 > .kt-inside-inner-col{flex-direction:column;justify-content:center;}}<\/style>\n<div class=\"wp-block-kadence-column kadence-column2139_6b821a-66\"><div class=\"kt-inside-inner-col\">\n<p><\/p>\n<\/div><\/div>\n\n\n\n<hr class=\"wp-block-separator has-alpha-channel-opacity\"\/>\n\n\n<style>.kadence-column2139_ea2644-bc > .kt-inside-inner-col{display:flex;}.kadence-column2139_ea2644-bc > .kt-inside-inner-col,.kadence-column2139_ea2644-bc > .kt-inside-inner-col:before{border-top-left-radius:0px;border-top-right-radius:0px;border-bottom-right-radius:0px;border-bottom-left-radius:0px;}.kadence-column2139_ea2644-bc > .kt-inside-inner-col{column-gap:var(--global-kb-gap-sm, 1rem);}.kadence-column2139_ea2644-bc > .kt-inside-inner-col{flex-direction:column;justify-content:space-between;align-items:stretch;}.kadence-column2139_ea2644-bc > .kt-inside-inner-col > .kb-image-is-ratio-size{align-self:stretch;}.kadence-column2139_ea2644-bc > .kt-inside-inner-col > .wp-block-kadence-advancedgallery{align-self:stretch;}.kadence-column2139_ea2644-bc > .kt-inside-inner-col > .aligncenter{width:100%;}.kt-row-column-wrap > .kadence-column2139_ea2644-bc{align-self:center;}.kt-inner-column-height-full:not(.kt-has-1-columns) > .wp-block-kadence-column.kadence-column2139_ea2644-bc{align-self:auto;}.kt-inner-column-height-full:not(.kt-has-1-columns) > .wp-block-kadence-column.kadence-column2139_ea2644-bc > .kt-inside-inner-col{flex-direction:column;justify-content:space-between;}.kadence-column2139_ea2644-bc > .kt-inside-inner-col:before{opacity:0.3;}.kadence-column2139_ea2644-bc{text-align:center;}.kadence-column2139_ea2644-bc{position:relative;}@media all and (max-width: 1024px){.kadence-column2139_ea2644-bc > .kt-inside-inner-col{min-height:800px;flex-direction:column;justify-content:space-between;align-items:stretch;}}@media all and (max-width: 1024px){.kt-row-column-wrap > .kadence-column2139_ea2644-bc{align-self:center;}}@media all and (max-width: 1024px){.kt-inner-column-height-full:not(.kt-has-1-columns) > .wp-block-kadence-column.kadence-column2139_ea2644-bc{align-self:auto;}}@media all and (max-width: 1024px){.kt-inner-column-height-full:not(.kt-has-1-columns) > .wp-block-kadence-column.kadence-column2139_ea2644-bc > .kt-inside-inner-col{flex-direction:column;justify-content:space-between;}}@media all and (max-width: 767px){.kt-row-column-wrap > .kadence-column2139_ea2644-bc{align-self:center;}.kt-inner-column-height-full:not(.kt-has-1-columns) > .wp-block-kadence-column.kadence-column2139_ea2644-bc{align-self:auto;}.kt-inner-column-height-full:not(.kt-has-1-columns) > .wp-block-kadence-column.kadence-column2139_ea2644-bc > .kt-inside-inner-col{flex-direction:column;justify-content:space-between;}.kadence-column2139_ea2644-bc > .kt-inside-inner-col{flex-direction:column;justify-content:space-between;align-items:stretch;}}.kadence-column741_245bd9-dd .kt-inside-inner-col {height: 1000px;}iframe {    border-width: 0 !important;}<\/style>\n<section class=\"wp-block-kadence-column kadence-column2139_ea2644-bc\"><div class=\"kt-inside-inner-col\"><style>.kadence-column2139_397ebd-2f > .kt-inside-inner-col,.kadence-column2139_397ebd-2f > .kt-inside-inner-col:before{border-top-left-radius:0px;border-top-right-radius:0px;border-bottom-right-radius:0px;border-bottom-left-radius:0px;}.kadence-column2139_397ebd-2f > .kt-inside-inner-col{column-gap:var(--global-kb-gap-sm, 1rem);}.kadence-column2139_397ebd-2f > .kt-inside-inner-col{flex-direction:column;}.kadence-column2139_397ebd-2f > .kt-inside-inner-col > .aligncenter{width:100%;}.kadence-column2139_397ebd-2f > .kt-inside-inner-col:before{opacity:0.3;}.kadence-column2139_397ebd-2f{position:relative;}@media all and (max-width: 1024px){.kadence-column2139_397ebd-2f > .kt-inside-inner-col{flex-direction:column;justify-content:center;}}@media all and (max-width: 767px){.kadence-column2139_397ebd-2f > .kt-inside-inner-col{flex-direction:column;justify-content:center;}}<\/style>\n<div class=\"wp-block-kadence-column kadence-column2139_397ebd-2f\"><div class=\"kt-inside-inner-col\"><\/div><\/div>\n\n\n<style>.kadence-column2139_de4b23-2f > .kt-inside-inner-col,.kadence-column2139_de4b23-2f > .kt-inside-inner-col:before{border-top-left-radius:0px;border-top-right-radius:0px;border-bottom-right-radius:0px;border-bottom-left-radius:0px;}.kadence-column2139_de4b23-2f > .kt-inside-inner-col{column-gap:var(--global-kb-gap-sm, 1rem);}.kadence-column2139_de4b23-2f > .kt-inside-inner-col{flex-direction:column;}.kadence-column2139_de4b23-2f > .kt-inside-inner-col > .aligncenter{width:100%;}.kadence-column2139_de4b23-2f > .kt-inside-inner-col:before{opacity:0.3;}.kadence-column2139_de4b23-2f{position:relative;}@media all and (max-width: 1024px){.kadence-column2139_de4b23-2f > .kt-inside-inner-col{flex-direction:column;justify-content:center;}}@media all and (max-width: 767px){.kadence-column2139_de4b23-2f > .kt-inside-inner-col{flex-direction:column;justify-content:center;}}<\/style>\n<div class=\"wp-block-kadence-column kadence-column2139_de4b23-2f\"><div class=\"kt-inside-inner-col\">\n<h2 class=\"wp-block-heading has-text-align-left\"><strong>Zapisz si\u0119 na webinar:<\/strong><\/h2>\n<\/div><\/div>\n\n\n\n<iframe loading=\"lazy\" src=\"https:\/\/webinar.getresponse.com\/CiQpA\/jedna-operacja-dwa-zepoly-wspolpraca-magazynu-i-agencji-celnej\" width=\"100%\" height=\"1000\"><\/iframe>\n<\/div><\/section>\n\n\n<style>.kadence-column2139_c9b399-8c > .kt-inside-inner-col,.kadence-column2139_c9b399-8c > .kt-inside-inner-col:before{border-top-left-radius:0px;border-top-right-radius:0px;border-bottom-right-radius:0px;border-bottom-left-radius:0px;}.kadence-column2139_c9b399-8c > .kt-inside-inner-col{column-gap:var(--global-kb-gap-sm, 1rem);}.kadence-column2139_c9b399-8c > .kt-inside-inner-col{flex-direction:column;}.kadence-column2139_c9b399-8c > .kt-inside-inner-col > .aligncenter{width:100%;}.kadence-column2139_c9b399-8c > .kt-inside-inner-col:before{opacity:0.3;}.kadence-column2139_c9b399-8c{position:relative;}@media all and (max-width: 1024px){.kadence-column2139_c9b399-8c > .kt-inside-inner-col{flex-direction:column;justify-content:center;}}@media all and (max-width: 767px){.kadence-column2139_c9b399-8c > .kt-inside-inner-col{flex-direction:column;justify-content:center;}}<\/style>\n<div class=\"wp-block-kadence-column kadence-column2139_c9b399-8c\"><div class=\"kt-inside-inner-col\"><\/div><\/div>\n<\/div><\/div>\n\n\n<style>.kadence-column2139_e986c4-a7 > .kt-inside-inner-col,.kadence-column2139_e986c4-a7 > .kt-inside-inner-col:before{border-top-left-radius:0px;border-top-right-radius:0px;border-bottom-right-radius:0px;border-bottom-left-radius:0px;}.kadence-column2139_e986c4-a7 > .kt-inside-inner-col{column-gap:var(--global-kb-gap-sm, 1rem);}.kadence-column2139_e986c4-a7 > .kt-inside-inner-col{flex-direction:column;}.kadence-column2139_e986c4-a7 > .kt-inside-inner-col > .aligncenter{width:100%;}.kadence-column2139_e986c4-a7 > .kt-inside-inner-col:before{opacity:0.3;}.kadence-column2139_e986c4-a7{position:relative;}@media all and (max-width: 1024px){.kadence-column2139_e986c4-a7 > .kt-inside-inner-col{flex-direction:column;justify-content:center;}}@media all and (max-width: 767px){.kadence-column2139_e986c4-a7 > .kt-inside-inner-col{flex-direction:column;justify-content:center;}}<\/style>\n<div class=\"wp-block-kadence-column kadence-column2139_e986c4-a7\"><div class=\"kt-inside-inner-col\">\n<p><\/p>\n<\/div><\/div>\n\n<\/div><\/div>","protected":false},"excerpt":{"rendered":"<p>9 kwietnia 2026 o godzinie 10:00zapraszamy na bezp\u0142atny webinar | sesja Q&amp;A na \u017cywo Wi\u0119kszo\u015b\u0107 firm obs\u0142uguje magazyn i odpraw\u0119 celn\u0105 osobno. To oznacza podw\u00f3jn\u0105 komunikacj\u0119, d\u0142u\u017csze czasy reakcji i ryzyko b\u0142\u0119d\u00f3w na styku dw\u00f3ch podmiot\u00f3w. Poka\u017cemy, jak wygl\u0105da to, gdy oba zespo\u0142y dzia\u0142aj\u0105 razem &#8211; na konkretnych przyk\u0142adach operacyjnych. O czym porozmawiamy Program webinaru:&#8230;<\/p>","protected":false},"author":3,"featured_media":0,"parent":0,"menu_order":0,"comment_status":"closed","ping_status":"closed","template":"","meta":{"_kad_blocks_custom_css":"","_kad_blocks_head_custom_js":"","_kad_blocks_body_custom_js":"","_kad_blocks_footer_custom_js":"","_kad_post_transparent":"","_kad_post_title":"","_kad_post_layout":"normal","_kad_post_sidebar_id":"","_kad_post_content_style":"","_kad_post_vertical_padding":"","_kad_post_feature":"","_kad_post_feature_position":"","_kad_post_header":false,"_kad_post_footer":false,"_kad_post_classname":"","footnotes":""},"class_list":["post-2139","page","type-page","status-publish","hentry"],"taxonomy_info":[],"featured_image_src_large":false,"author_info":{"display_name":"Mariusz","author_link":"https:\/\/alfaagencjacelna.pl\/uk\/author\/mariusz\/"},"comment_info":0,"_links":{"self":[{"href":"https:\/\/alfaagencjacelna.pl\/uk\/wp-json\/wp\/v2\/pages\/2139","targetHints":{"allow":["GET"]}}],"collection":[{"href":"https:\/\/alfaagencjacelna.pl\/uk\/wp-json\/wp\/v2\/pages"}],"about":[{"href":"https:\/\/alfaagencjacelna.pl\/uk\/wp-json\/wp\/v2\/types\/page"}],"author":[{"embeddable":true,"href":"https:\/\/alfaagencjacelna.pl\/uk\/wp-json\/wp\/v2\/users\/3"}],"replies":[{"embeddable":true,"href":"https:\/\/alfaagencjacelna.pl\/uk\/wp-json\/wp\/v2\/comments?post=2139"}],"version-history":[{"count":14,"href":"https:\/\/alfaagencjacelna.pl\/uk\/wp-json\/wp\/v2\/pages\/2139\/revisions"}],"predecessor-version":[{"id":2158,"href":"https:\/\/alfaagencjacelna.pl\/uk\/wp-json\/wp\/v2\/pages\/2139\/revisions\/2158"}],"wp:attachment":[{"href":"https:\/\/alfaagencjacelna.pl\/uk\/wp-json\/wp\/v2\/media?parent=2139"}],"curies":[{"name":"wp","href":"https:\/\/api.w.org\/{rel}","templated":true}]}}