{"id":1094,"date":"2025-04-28T07:46:10","date_gmt":"2025-04-28T05:46:10","guid":{"rendered":"https:\/\/alfaagencjacelna.pl\/?page_id=1094"},"modified":"2025-05-06T08:20:28","modified_gmt":"2025-05-06T06:20:28","slug":"zapytaj-o-szkolenie-zamkniete","status":"publish","type":"page","link":"https:\/\/alfaagencjacelna.pl\/uk\/zapytaj-o-szkolenie-zamkniete\/","title":{"rendered":"Zapytaj o szkolenie zamkni\u0119te"},"content":{"rendered":"<style>.kb-row-layout-id1094_87d694-63 > .kt-row-column-wrap{align-content:start;}:where(.kb-row-layout-id1094_87d694-63 > .kt-row-column-wrap) > .wp-block-kadence-column{justify-content:start;}.kb-row-layout-id1094_87d694-63 > .kt-row-column-wrap{column-gap:var(--global-kb-gap-md, 2rem);row-gap:var(--global-kb-gap-md, 2rem);padding-top:var(--global-kb-spacing-sm, 1.5rem);padding-bottom:var(--global-kb-spacing-sm, 1.5rem);grid-template-columns:repeat(2, minmax(0, 1fr));}.kb-row-layout-id1094_87d694-63 > .kt-row-layout-overlay{opacity:0.30;}@media all and (max-width: 1024px){.kb-row-layout-id1094_87d694-63 > .kt-row-column-wrap{grid-template-columns:repeat(2, minmax(0, 1fr));}}@media all and (max-width: 767px){.kb-row-layout-id1094_87d694-63 > .kt-row-column-wrap{grid-template-columns:minmax(0, 1fr);}}<\/style><div class=\"kb-row-layout-wrap kb-row-layout-id1094_87d694-63 alignnone wp-block-kadence-rowlayout\"><div class=\"kt-row-column-wrap kt-has-2-columns kt-row-layout-equal kt-tab-layout-inherit kt-mobile-layout-row kt-row-valign-top\">\n<style>.kadence-column1094_326c2e-00 > .kt-inside-inner-col,.kadence-column1094_326c2e-00 > .kt-inside-inner-col:before{border-top-left-radius:0px;border-top-right-radius:0px;border-bottom-right-radius:0px;border-bottom-left-radius:0px;}.kadence-column1094_326c2e-00 > .kt-inside-inner-col{column-gap:var(--global-kb-gap-sm, 1rem);}.kadence-column1094_326c2e-00 > .kt-inside-inner-col{flex-direction:column;}.kadence-column1094_326c2e-00 > .kt-inside-inner-col > .aligncenter{width:100%;}.kadence-column1094_326c2e-00 > .kt-inside-inner-col:before{opacity:0.3;}.kadence-column1094_326c2e-00{position:relative;}@media all and (max-width: 1024px){.kadence-column1094_326c2e-00 > .kt-inside-inner-col{flex-direction:column;justify-content:center;}}@media all and (max-width: 767px){.kadence-column1094_326c2e-00 > .kt-inside-inner-col{flex-direction:column;justify-content:center;}}<\/style>\n<div class=\"wp-block-kadence-column kadence-column1094_326c2e-00\"><div class=\"kt-inside-inner-col\"><style>.kb-image1094_29cac2-3d .kb-image-has-overlay:after{opacity:0.3;}<\/style>\n<figure class=\"wp-block-kadence-image kb-image1094_29cac2-3d size-full\"><img loading=\"lazy\" decoding=\"async\" width=\"643\" height=\"643\" src=\"https:\/\/alfaagencjacelna.pl\/wp-content\/uploads\/2025\/02\/marcin-szreder.jpeg\" alt=\"\" class=\"kb-img wp-image-587\" srcset=\"https:\/\/alfaagencjacelna.pl\/wp-content\/uploads\/2025\/02\/marcin-szreder.jpeg 643w, https:\/\/alfaagencjacelna.pl\/wp-content\/uploads\/2025\/02\/marcin-szreder-300x300.jpeg 300w, https:\/\/alfaagencjacelna.pl\/wp-content\/uploads\/2025\/02\/marcin-szreder-150x150.jpeg 150w\" sizes=\"auto, (max-width: 643px) 100vw, 643px\" \/><\/figure>\n<\/div><\/div>\n\n\n<style>.kadence-column1094_74eb85-d6 > .kt-inside-inner-col,.kadence-column1094_74eb85-d6 > .kt-inside-inner-col:before{border-top-left-radius:0px;border-top-right-radius:0px;border-bottom-right-radius:0px;border-bottom-left-radius:0px;}.kadence-column1094_74eb85-d6 > .kt-inside-inner-col{column-gap:var(--global-kb-gap-sm, 1rem);}.kadence-column1094_74eb85-d6 > .kt-inside-inner-col{flex-direction:column;}.kadence-column1094_74eb85-d6 > .kt-inside-inner-col > .aligncenter{width:100%;}.kadence-column1094_74eb85-d6 > .kt-inside-inner-col:before{opacity:0.3;}.kadence-column1094_74eb85-d6{position:relative;}@media all and (max-width: 1024px){.kadence-column1094_74eb85-d6 > .kt-inside-inner-col{flex-direction:column;justify-content:center;}}@media all and (max-width: 767px){.kadence-column1094_74eb85-d6 > .kt-inside-inner-col{flex-direction:column;justify-content:center;}}<\/style>\n<div class=\"wp-block-kadence-column kadence-column1094_74eb85-d6\"><div class=\"kt-inside-inner-col\"><style>.wp-block-kadence-advancedheading.kt-adv-heading3a42d6-34, .wp-block-kadence-advancedheading.kt-adv-heading3a42d6-34[data-kb-block=\"kb-adv-heading3a42d6-34\"]{padding-bottom:var(--global-kb-spacing-xs, 1rem);text-align:center;font-size:18px;font-style:normal;}.wp-block-kadence-advancedheading.kt-adv-heading3a42d6-34 mark.kt-highlight, .wp-block-kadence-advancedheading.kt-adv-heading3a42d6-34[data-kb-block=\"kb-adv-heading3a42d6-34\"] mark.kt-highlight{font-style:normal;color:#f76a0c;-webkit-box-decoration-break:clone;box-decoration-break:clone;padding-top:0px;padding-right:0px;padding-bottom:0px;padding-left:0px;}.wp-block-kadence-advancedheading.kt-adv-heading3a42d6-34 img.kb-inline-image, .wp-block-kadence-advancedheading.kt-adv-heading3a42d6-34[data-kb-block=\"kb-adv-heading3a42d6-34\"] img.kb-inline-image{width:150px;vertical-align:baseline;}<\/style>\n<h3 class=\"kt-adv-heading3a42d6-34 wp-block-kadence-advancedheading\" data-kb-block=\"kb-adv-heading3a42d6-34\"><strong>Interesuje Ci\u0119 zamkni\u0119te szkolenie celne?<\/strong><\/h3>\n\n\n<style>.wp-block-kadence-advancedheading.kt-adv-heading069561-77, .wp-block-kadence-advancedheading.kt-adv-heading069561-77[data-kb-block=\"kb-adv-heading069561-77\"]{font-size:var(--global-kb-font-size-sm, 0.9rem);font-style:normal;}.wp-block-kadence-advancedheading.kt-adv-heading069561-77 mark.kt-highlight, .wp-block-kadence-advancedheading.kt-adv-heading069561-77[data-kb-block=\"kb-adv-heading069561-77\"] mark.kt-highlight{font-style:normal;color:#f76a0c;-webkit-box-decoration-break:clone;box-decoration-break:clone;padding-top:0px;padding-right:0px;padding-bottom:0px;padding-left:0px;}.wp-block-kadence-advancedheading.kt-adv-heading069561-77 img.kb-inline-image, .wp-block-kadence-advancedheading.kt-adv-heading069561-77[data-kb-block=\"kb-adv-heading069561-77\"] img.kb-inline-image{width:150px;vertical-align:baseline;}<\/style>\n<p class=\"kt-adv-heading069561-77 wp-block-kadence-advancedheading\" data-kb-block=\"kb-adv-heading069561-77\">Aby um\u00f3wi\u0107 si\u0119 na szkolenie zamkni\u0119te dla firmy, wystarczy wype\u0142ni\u0107 poni\u017cszy formularz. Marcin skontaktuje si\u0119 z Pa\u0144stwem i doradzi najlepsze rozwi\u0105zania.<\/p>\n\n\n<div class='fluentform ff-default fluentform_wrapper_9  ff_guten_block ff_guten_block-9 ffs_default_wrap'><form data-form_id=\"9\" id=\"fluentform_9\" class=\"frm-fluent-form fluent_form_9 ff-el-form-top ff_form_instance_9_1 ff-form-loading ffs_default\" data-form_instance=\"ff_form_instance_9_1\" method=\"POST\" ><fieldset  style=\"border: none!important;margin: 0!important;padding: 0!important;background-color: transparent!important;box-shadow: none!important;outline: none!important; min-inline-size: 100%;\">\n                    <legend class=\"ff_screen_reader_title\" style=\"display: block; margin: 0!important;padding: 0!important;height: 0!important;text-indent: -999999px;width: 0!important;overflow:hidden;\">Formularz szkolenie zamkni\u0119te<\/legend><input type='hidden' name='__fluent_form_embded_post_id' value='1094' \/><input type=\"hidden\" id=\"_fluentform_9_fluentformnonce\" name=\"_fluentform_9_fluentformnonce\" value=\"0c7ee109f5\" \/><input type=\"hidden\" name=\"_wp_http_referer\" value=\"\/uk\/wp-json\/wp\/v2\/pages\/1094\" \/><div data-name=\"ff_cn_id_1\"  class='ff-t-container ff-column-container ff_columns_total_2 '><div class='ff-t-cell ff-t-column-1' style='flex-basis: 50%;'><div class='ff-el-group'><div class=\"ff-el-input--label asterisk-right\"><label for='ff_9_input_text_1' id='label_ff_9_input_text_1' aria-label=\"Firma\">Firma<\/label><\/div><div class='ff-el-input--content'><input type=\"text\" name=\"input_text_1\" class=\"ff-el-form-control\" data-name=\"input_text_1\" id=\"ff_9_input_text_1\"  aria-invalid=\"false\" aria-required=false><\/div><\/div><div class='ff-el-group'><div class='ff-el-input--content'><input type=\"email\" name=\"email_2\" id=\"ff_9_email_2\" class=\"ff-el-form-control\" placeholder=\"E-mail\" data-name=\"email_2\"  aria-invalid=\"false\" aria-required=true><\/div><\/div><div class='ff-el-group'><div class=\"ff-el-input--label asterisk-right\"><label for='ff_9_input_text' id='label_ff_9_input_text' aria-label=\"Ilo\u015b\u0107 os\u00f3b na szkoleniu\">Ilo\u015b\u0107 os\u00f3b na szkoleniu<\/label><\/div><div class='ff-el-input--content'><input type=\"text\" name=\"input_text\" class=\"ff-el-form-control\" data-name=\"input_text\" id=\"ff_9_input_text\"  aria-invalid=\"false\" aria-required=false><\/div><\/div><\/div><div class='ff-t-cell ff-t-column-2' style='flex-basis: 50%;'><div class='ff-el-group'><div class=\"ff-el-input--label ff-el-is-required asterisk-right\"><label for='ff_9_input_text_2' id='label_ff_9_input_text_2' aria-label=\"Imi\u0119\">Imi\u0119<\/label><\/div><div class='ff-el-input--content'><input type=\"text\" name=\"input_text_2\" class=\"ff-el-form-control\" data-name=\"input_text_2\" id=\"ff_9_input_text_2\"  aria-invalid=\"false\" aria-required=true><\/div><\/div><div class='ff-el-group'><div class='ff-el-input--content'><input type=\"number\" name=\"numeric_field\" id=\"ff_9_numeric_field\" class=\"ff-el-form-control\" placeholder=\"Numer telefonu\" data-name=\"numeric_field\" inputmode=\"numeric\" step=\"any\"  aria-invalid=\"false\" aria-required=true><\/div><\/div><div class='ff-el-group'><div class=\"ff-el-input--label asterisk-right\"><label for='ff_9_input_text_3' id='label_ff_9_input_text_3' aria-label=\"Kod rabatowy\">Kod rabatowy<\/label><\/div><div class='ff-el-input--content'><input type=\"text\" name=\"input_text_3\" class=\"ff-el-form-control\" data-name=\"input_text_3\" id=\"ff_9_input_text_3\"  aria-invalid=\"false\" aria-required=false><\/div><\/div><\/div><\/div><div class='ff-el-group    ff-el-input--content'><div class='ff-el-form-check ff-el-tc'><label aria-label='Wyra\u017cam zgod\u0119 na kontakt telefoniczny w celu obs\u0142ugi niniejszego zg\u0142oszenia. Wyra\u017cam zgod\u0119 na otrzymywanie informacji marketingowych \u015brodkami komunikacji elektronicznej oraz drog\u0105 telefoniczn\u0105' class='ff-el-form-check-label ff_tc_label' for=gdpr-agreement_b01fd02130fefa01532cc46806c2e04d><span class='ff_tc_checkbox'><input type=\"checkbox\" name=\"gdpr-agreement\" class=\"ff-el-form-check-input ff_gdpr_field\" data-name=\"gdpr-agreement\" id=\"gdpr-agreement_b01fd02130fefa01532cc46806c2e04d\"  value='on' aria-invalid='false' aria-required=true><\/span> <div class='ff_t_c'>Wyra\u017cam zgod\u0119 na kontakt telefoniczny w celu obs\u0142ugi niniejszego zg\u0142oszenia. Wyra\u017cam zgod\u0119 na otrzymywanie informacji marketingowych \u015brodkami komunikacji elektronicznej oraz drog\u0105 telefoniczn\u0105<\/div><\/label><\/div><\/div><div class='ff-el-group ff-text-center ff_submit_btn_wrapper'><button type=\"submit\" class=\"ff-btn ff-btn-submit ff-btn-md ff_btn_style\"  aria-label=\"WY\u015aLIJ\">WY\u015aLIJ<\/button><\/div><\/fieldset><\/form><div id='fluentform_9_errors' class='ff-errors-in-stack ff_form_instance_9_1 ff-form-loading_errors ff_form_instance_9_1_errors'><\/div><\/div>            <script type=\"text\/javascript\">\n                window.fluent_form_ff_form_instance_9_1 = {\"id\":\"9\",\"ajaxUrl\":\"https:\\\/\\\/alfaagencjacelna.pl\\\/wp-admin\\\/admin-ajax.php\",\"settings\":{\"layout\":{\"labelPlacement\":\"top\",\"asteriskPlacement\":\"asterisk-right\",\"helpMessagePlacement\":\"with_label\",\"errorMessagePlacement\":\"inline\",\"cssClassName\":\"\"},\"restrictions\":{\"denyEmptySubmission\":{\"enabled\":false}}},\"form_instance\":\"ff_form_instance_9_1\",\"form_id_selector\":\"fluentform_9\",\"rules\":{\"input_text_1\":{\"required\":{\"value\":false,\"message\":\"To pole jest wymagane.\",\"global_message\":\"To pole jest wymagane.\",\"global\":true}},\"email_2\":{\"required\":{\"value\":true,\"message\":\"To pole jest wymagane.\",\"global_message\":\"To pole jest wymagane.\",\"global\":true},\"email\":{\"value\":true,\"message\":\"To pole musi posiada\\u0107 prawid\\u0142owy email.\",\"global_message\":\"To pole musi posiada\\u0107 prawid\\u0142owy email.\",\"global\":true}},\"input_text\":{\"required\":{\"value\":false,\"message\":\"To pole jest wymagane.\",\"global_message\":\"To pole jest wymagane.\",\"global\":true}},\"input_text_2\":{\"required\":{\"value\":true,\"message\":\"To pole jest wymagane.\",\"global_message\":\"To pole jest wymagane.\",\"global\":true}},\"numeric_field\":{\"required\":{\"value\":true,\"message\":\"To pole jest wymagane.\",\"global_message\":\"To pole jest wymagane.\",\"global\":true},\"numeric\":{\"value\":true,\"message\":\"To pole musi posiada\\u0107 prawid\\u0142owy numer telefonu\",\"global_message\":\"To pole musi posiada\\u0107 prawid\\u0142owy numer telefonu\",\"global\":true},\"min\":{\"value\":\"\",\"message\":\"Validation fails for minimum value\",\"global_message\":\"Validation fails for minimum value\",\"global\":true},\"max\":{\"value\":\"\",\"message\":\"Validation fails for maximum value\",\"global_message\":\"Validation fails for maximum value\",\"global\":true},\"digits\":{\"value\":\"\",\"message\":\"Validation fails for limited digits\",\"global_message\":\"Validation fails for limited digits\",\"global\":true}},\"input_text_3\":{\"required\":{\"value\":false,\"message\":\"To pole jest wymagane.\",\"global_message\":\"To pole jest wymagane.\",\"global\":true}},\"gdpr-agreement\":{\"required\":{\"value\":true,\"message\":\"To pole jest wymagane.\",\"global_message\":\"To pole jest wymagane.\",\"global\":true}}},\"debounce_time\":300};\n                            <\/script>\n            <\/div><\/div>\n\n<\/div><\/div>","protected":false},"excerpt":{"rendered":"<p>Interesuje Ci\u0119 zamkni\u0119te szkolenie celne? Aby um\u00f3wi\u0107 si\u0119 na szkolenie zamkni\u0119te dla firmy, wystarczy wype\u0142ni\u0107 poni\u017cszy formularz. Marcin skontaktuje si\u0119 z Pa\u0144stwem i doradzi najlepsze rozwi\u0105zania.<\/p>","protected":false},"author":3,"featured_media":0,"parent":0,"menu_order":0,"comment_status":"closed","ping_status":"closed","template":"","meta":{"_kad_blocks_custom_css":"","_kad_blocks_head_custom_js":"","_kad_blocks_body_custom_js":"","_kad_blocks_footer_custom_js":"","_kad_post_transparent":"","_kad_post_title":"","_kad_post_layout":"normal","_kad_post_sidebar_id":"","_kad_post_content_style":"","_kad_post_vertical_padding":"","_kad_post_feature":"","_kad_post_feature_position":"","_kad_post_header":false,"_kad_post_footer":false,"_kad_post_classname":"","footnotes":""},"class_list":["post-1094","page","type-page","status-publish","hentry"],"taxonomy_info":[],"featured_image_src_large":false,"author_info":{"display_name":"Mariusz","author_link":"https:\/\/alfaagencjacelna.pl\/uk\/author\/mariusz\/"},"comment_info":0,"_links":{"self":[{"href":"https:\/\/alfaagencjacelna.pl\/uk\/wp-json\/wp\/v2\/pages\/1094","targetHints":{"allow":["GET"]}}],"collection":[{"href":"https:\/\/alfaagencjacelna.pl\/uk\/wp-json\/wp\/v2\/pages"}],"about":[{"href":"https:\/\/alfaagencjacelna.pl\/uk\/wp-json\/wp\/v2\/types\/page"}],"author":[{"embeddable":true,"href":"https:\/\/alfaagencjacelna.pl\/uk\/wp-json\/wp\/v2\/users\/3"}],"replies":[{"embeddable":true,"href":"https:\/\/alfaagencjacelna.pl\/uk\/wp-json\/wp\/v2\/comments?post=1094"}],"version-history":[{"count":4,"href":"https:\/\/alfaagencjacelna.pl\/uk\/wp-json\/wp\/v2\/pages\/1094\/revisions"}],"predecessor-version":[{"id":1104,"href":"https:\/\/alfaagencjacelna.pl\/uk\/wp-json\/wp\/v2\/pages\/1094\/revisions\/1104"}],"wp:attachment":[{"href":"https:\/\/alfaagencjacelna.pl\/uk\/wp-json\/wp\/v2\/media?parent=1094"}],"curies":[{"name":"wp","href":"https:\/\/api.w.org\/{rel}","templated":true}]}}