{"id":938,"date":"2025-04-09T15:04:06","date_gmt":"2025-04-09T13:04:06","guid":{"rendered":"https:\/\/alfaagencjacelna.pl\/?page_id=938"},"modified":"2025-04-09T15:14:42","modified_gmt":"2025-04-09T13:14:42","slug":"zaproponuj-szkolenie","status":"publish","type":"page","link":"https:\/\/alfaagencjacelna.pl\/en\/zaproponuj-szkolenie\/","title":{"rendered":"Zaproponuj szkolenie dla firmy"},"content":{"rendered":"<style>.kb-row-layout-id938_68b77d-f2 > .kt-row-column-wrap{align-content:start;}:where(.kb-row-layout-id938_68b77d-f2 > .kt-row-column-wrap) > .wp-block-kadence-column{justify-content:start;}.kb-row-layout-id938_68b77d-f2 > .kt-row-column-wrap{column-gap:var(--global-kb-gap-md, 2rem);row-gap:var(--global-kb-gap-md, 2rem);padding-top:var(--global-kb-spacing-sm, 1.5rem);padding-bottom:var(--global-kb-spacing-sm, 1.5rem);grid-template-columns:minmax(0, calc(30% - ((var(--global-kb-gap-md, 2rem) * 1 )\/2)))minmax(0, calc(70% - ((var(--global-kb-gap-md, 2rem) * 1 )\/2)));}.kb-row-layout-id938_68b77d-f2 > .kt-row-layout-overlay{opacity:0.30;}@media all and (max-width: 1024px){.kb-row-layout-id938_68b77d-f2 > .kt-row-column-wrap{grid-template-columns:repeat(2, minmax(0, 1fr));}}@media all and (max-width: 767px){.kb-row-layout-id938_68b77d-f2 > .kt-row-column-wrap{grid-template-columns:minmax(0, 1fr);}}<\/style><div class=\"kb-row-layout-wrap kb-row-layout-id938_68b77d-f2 alignnone wp-block-kadence-rowlayout\"><div class=\"kt-row-column-wrap kt-has-2-columns kt-row-layout-equal kt-tab-layout-inherit kt-mobile-layout-row kt-row-valign-top\">\n<style>.kadence-column938_335ca3-04 > .kt-inside-inner-col,.kadence-column938_335ca3-04 > .kt-inside-inner-col:before{border-top-left-radius:0px;border-top-right-radius:0px;border-bottom-right-radius:0px;border-bottom-left-radius:0px;}.kadence-column938_335ca3-04 > .kt-inside-inner-col{column-gap:var(--global-kb-gap-sm, 1rem);}.kadence-column938_335ca3-04 > .kt-inside-inner-col{flex-direction:column;}.kadence-column938_335ca3-04 > .kt-inside-inner-col > .aligncenter{width:100%;}.kadence-column938_335ca3-04 > .kt-inside-inner-col:before{opacity:0.3;}.kadence-column938_335ca3-04{position:relative;}@media all and (max-width: 1024px){.kadence-column938_335ca3-04 > .kt-inside-inner-col{flex-direction:column;justify-content:center;}}@media all and (max-width: 767px){.kadence-column938_335ca3-04 > .kt-inside-inner-col{flex-direction:column;justify-content:center;}}<\/style>\n<div class=\"wp-block-kadence-column kadence-column938_335ca3-04\"><div class=\"kt-inside-inner-col\"><style>.kb-image938_3512b2-10 .kb-image-has-overlay:after{opacity:0.3;}<\/style>\n<figure class=\"wp-block-kadence-image kb-image938_3512b2-10\"><img loading=\"lazy\" decoding=\"async\" width=\"920\" height=\"1074\" src=\"https:\/\/alfaagencjacelna.pl\/wp-content\/uploads\/2025\/03\/69E74B33-28B6-46D4-882B-69109E76194F.png\" alt=\"\" class=\"kb-img wp-image-772\" srcset=\"https:\/\/alfaagencjacelna.pl\/wp-content\/uploads\/2025\/03\/69E74B33-28B6-46D4-882B-69109E76194F.png 920w, https:\/\/alfaagencjacelna.pl\/wp-content\/uploads\/2025\/03\/69E74B33-28B6-46D4-882B-69109E76194F-257x300.png 257w, https:\/\/alfaagencjacelna.pl\/wp-content\/uploads\/2025\/03\/69E74B33-28B6-46D4-882B-69109E76194F-877x1024.png 877w, https:\/\/alfaagencjacelna.pl\/wp-content\/uploads\/2025\/03\/69E74B33-28B6-46D4-882B-69109E76194F-768x897.png 768w\" sizes=\"auto, (max-width: 920px) 100vw, 920px\" \/><\/figure>\n<\/div><\/div>\n\n\n<style>.kadence-column938_d16c1c-aa > .kt-inside-inner-col,.kadence-column938_d16c1c-aa > .kt-inside-inner-col:before{border-top-left-radius:0px;border-top-right-radius:0px;border-bottom-right-radius:0px;border-bottom-left-radius:0px;}.kadence-column938_d16c1c-aa > .kt-inside-inner-col{column-gap:var(--global-kb-gap-sm, 1rem);}.kadence-column938_d16c1c-aa > .kt-inside-inner-col{flex-direction:column;}.kadence-column938_d16c1c-aa > .kt-inside-inner-col > .aligncenter{width:100%;}.kadence-column938_d16c1c-aa > .kt-inside-inner-col:before{opacity:0.3;}.kadence-column938_d16c1c-aa{text-align:left;}.kadence-column938_d16c1c-aa{position:relative;}@media all and (max-width: 1024px){.kadence-column938_d16c1c-aa > .kt-inside-inner-col{flex-direction:column;justify-content:center;}}@media all and (max-width: 767px){.kadence-column938_d16c1c-aa > .kt-inside-inner-col{flex-direction:column;justify-content:center;}}<\/style>\n<div class=\"wp-block-kadence-column kadence-column938_d16c1c-aa\"><div class=\"kt-inside-inner-col\">\n<p>Tw\u00f3j dzia\u0142 logistyki lub dzia\u0142 celny potrzebuje wsparcia merytorycznego? Napisz nam, jaka tematyka ci\u0119 interesuje, a my przygotujemy na ten temat szkolenie!<\/p>\n\n\n<div class='fluentform ff-default fluentform_wrapper_7  ff_guten_block ff_guten_block-7 ffs_default_wrap'><form data-form_id=\"7\" id=\"fluentform_7\" class=\"frm-fluent-form fluent_form_7 ff-el-form-top ff_form_instance_7_1 ff-form-loading ffs_default\" data-form_instance=\"ff_form_instance_7_1\" method=\"POST\" action=\"\" ><fieldset  style=\"border: none!important;margin: 0!important;padding: 0!important;background-color: transparent!important;box-shadow: none!important;outline: none!important; min-inline-size: 100%;\">\n                    <legend class=\"ff_screen_reader_title\" style=\"display: block; margin: 0!important;padding: 0!important;height: 0!important;text-indent: -999999px;width: 0!important;overflow:hidden;\">Zaproponuj szkolenie dla firmy<\/legend><input type='hidden' name='__fluent_form_embded_post_id' value='938' \/><input type=\"hidden\" id=\"_fluentform_7_fluentformnonce\" name=\"_fluentform_7_fluentformnonce\" value=\"c7dbc3ce45\" \/><input type=\"hidden\" name=\"_wp_http_referer\" value=\"\/en\/wp-json\/wp\/v2\/pages\/938\" \/><div class='ff-el-group'><div class='ff-el-input--content'><input type=\"email\" name=\"email\" id=\"ff_7_email\" class=\"ff-el-form-control\" placeholder=\"Your email\" data-name=\"email\"  aria-invalid=\"false\" aria-required=\"true\"><\/div><\/div><div class='ff-el-group'><div class='ff-el-input--content'><input name=\"phone\" class=\"ff-el-form-control ff-el-phone ff_el_with_extended_validation\" type=\"tel\" placeholder=\"Phone\" data-name=\"phone\" id=\"ff_7_phone\" inputmode=\"tel\"  aria-invalid='false' aria-required=\"true\"><\/div><\/div><div class='ff-el-group'><div class='ff-el-input--content'><textarea aria-required=\"true\" aria-labelledby=\"label_ff_7_description\" name=\"description\" id=\"ff_7_description\" class=\"ff-el-form-control\" placeholder=\"Twoja propozycja szkolenia\" rows=\"3\" cols=\"2\" data-name=\"description\" ><\/textarea><\/div><\/div><div class='ff-el-group ff-text-left ff_submit_btn_wrapper'><button type=\"submit\" class=\"ff-btn ff-btn-submit ff-btn-md ff_btn_style\"  aria-label=\"Send\">Send<\/button><\/div><\/fieldset><input type=\"hidden\" name=\"trp-form-language\" value=\"en\"\/><\/form><div id='fluentform_7_errors' class='ff-errors-in-stack ff_form_instance_7_1 ff-form-loading_errors ff_form_instance_7_1_errors'><\/div><\/div>            <script type=\"text\/javascript\">\n                window.fluent_form_ff_form_instance_7_1 = {\"id\":\"7\",\"ajaxUrl\":\"https:\\\/\\\/alfaagencjacelna.pl\\\/wp-admin\\\/admin-ajax.php\",\"settings\":{\"layout\":{\"labelPlacement\":\"top\",\"asteriskPlacement\":\"asterisk-right\",\"helpMessagePlacement\":\"with_label\",\"errorMessagePlacement\":\"inline\",\"cssClassName\":\"\"},\"restrictions\":{\"denyEmptySubmission\":{\"enabled\":false}}},\"form_instance\":\"ff_form_instance_7_1\",\"form_id_selector\":\"fluentform_7\",\"rules\":{\"email\":{\"required\":{\"value\":true,\"message\":\"To pole jest wymagane.\",\"global_message\":\"To pole jest wymagane.\",\"global\":true},\"email\":{\"value\":true,\"message\":\"To pole musi posiada\\u0107 prawid\\u0142owy email.\",\"global_message\":\"To pole musi posiada\\u0107 prawid\\u0142owy email.\",\"global\":true}},\"phone\":{\"required\":{\"value\":true,\"global\":true,\"message\":\"To pole jest wymagane.\",\"global_message\":\"To pole jest wymagane.\"},\"valid_phone_number\":{\"value\":true,\"global\":false,\"message\":\"Numer telefonu jest niepoprawny\",\"global_message\":\"\"}},\"description\":{\"required\":{\"value\":true,\"message\":\"To pole jest wymagane.\",\"global_message\":\"To pole jest wymagane.\",\"global\":true}}},\"debounce_time\":300};\n                            <\/script>\n            <\/div><\/div>\n\n<\/div><\/div>\n\n\n<p><\/p>\n\n\n\n<p><\/p>","protected":false},"excerpt":{"rendered":"<p>Tw\u00f3j dzia\u0142 logistyki lub dzia\u0142 celny potrzebuje wsparcia merytorycznego? Napisz nam, jaka tematyka ci\u0119 interesuje, a my przygotujemy na ten temat szkolenie!<\/p>","protected":false},"author":3,"featured_media":0,"parent":0,"menu_order":0,"comment_status":"closed","ping_status":"closed","template":"","meta":{"_kad_blocks_custom_css":"","_kad_blocks_head_custom_js":"","_kad_blocks_body_custom_js":"","_kad_blocks_footer_custom_js":"","_kad_post_transparent":"","_kad_post_title":"","_kad_post_layout":"normal","_kad_post_sidebar_id":"","_kad_post_content_style":"","_kad_post_vertical_padding":"","_kad_post_feature":"","_kad_post_feature_position":"","_kad_post_header":false,"_kad_post_footer":false,"_kad_post_classname":"","footnotes":""},"class_list":["post-938","page","type-page","status-publish","hentry"],"taxonomy_info":[],"featured_image_src_large":false,"author_info":{"display_name":"Mariusz","author_link":"https:\/\/alfaagencjacelna.pl\/en\/author\/mariusz\/"},"comment_info":0,"_links":{"self":[{"href":"https:\/\/alfaagencjacelna.pl\/en\/wp-json\/wp\/v2\/pages\/938","targetHints":{"allow":["GET"]}}],"collection":[{"href":"https:\/\/alfaagencjacelna.pl\/en\/wp-json\/wp\/v2\/pages"}],"about":[{"href":"https:\/\/alfaagencjacelna.pl\/en\/wp-json\/wp\/v2\/types\/page"}],"author":[{"embeddable":true,"href":"https:\/\/alfaagencjacelna.pl\/en\/wp-json\/wp\/v2\/users\/3"}],"replies":[{"embeddable":true,"href":"https:\/\/alfaagencjacelna.pl\/en\/wp-json\/wp\/v2\/comments?post=938"}],"version-history":[{"count":3,"href":"https:\/\/alfaagencjacelna.pl\/en\/wp-json\/wp\/v2\/pages\/938\/revisions"}],"predecessor-version":[{"id":951,"href":"https:\/\/alfaagencjacelna.pl\/en\/wp-json\/wp\/v2\/pages\/938\/revisions\/951"}],"wp:attachment":[{"href":"https:\/\/alfaagencjacelna.pl\/en\/wp-json\/wp\/v2\/media?parent=938"}],"curies":[{"name":"wp","href":"https:\/\/api.w.org\/{rel}","templated":true}]}}