{"id":2139,"date":"2026-03-26T12:10:56","date_gmt":"2026-03-26T11:10:56","guid":{"rendered":"https:\/\/alfaagencjacelna.pl\/?page_id=2139"},"modified":"2026-03-26T14:29:18","modified_gmt":"2026-03-26T13:29:18","slug":"one-operation-two-teams-how-warehouse-and-customs-work-together","status":"publish","type":"page","link":"https:\/\/alfaagencjacelna.pl\/en\/jedna-operacja-dwa-zespoly-jak-wspolpracuja-magazyn-i-agencja-celna\/","title":{"rendered":"Two teams, one operation - how do the warehouse and the customs agency work together?"},"content":{"rendered":"<style>.kb-row-layout-id2139_ae094d-a2 > .kt-row-column-wrap{align-content:start;}:where(.kb-row-layout-id2139_ae094d-a2 > .kt-row-column-wrap) > .wp-block-kadence-column{justify-content:start;}.kb-row-layout-id2139_ae094d-a2 > .kt-row-column-wrap{column-gap:var(--global-kb-gap-md, 2rem);row-gap:var(--global-kb-gap-md, 2rem);padding-top:var(--global-kb-spacing-sm, 1.5rem);padding-bottom:var(--global-kb-spacing-sm, 1.5rem);grid-template-columns:repeat(2, minmax(0, 1fr));}.kb-row-layout-id2139_ae094d-a2 > .kt-row-layout-overlay{opacity:0.30;}@media all and (max-width: 1024px){.kb-row-layout-id2139_ae094d-a2 > .kt-row-column-wrap{grid-template-columns:repeat(2, minmax(0, 1fr));}}@media all and (max-width: 767px){.kb-row-layout-id2139_ae094d-a2 > .kt-row-column-wrap{grid-template-columns:minmax(0, 1fr);}}<\/style><div class=\"kb-row-layout-wrap kb-row-layout-id2139_ae094d-a2 alignnone wp-block-kadence-rowlayout\"><div class=\"kt-row-column-wrap kt-has-2-columns kt-row-layout-equal kt-tab-layout-inherit kt-mobile-layout-row kt-row-valign-top\">\n<style>.kadence-column2139_cacaa2-92 > .kt-inside-inner-col,.kadence-column2139_cacaa2-92 > .kt-inside-inner-col:before{border-top-left-radius:0px;border-top-right-radius:0px;border-bottom-right-radius:0px;border-bottom-left-radius:0px;}.kadence-column2139_cacaa2-92 > .kt-inside-inner-col{column-gap:var(--global-kb-gap-sm, 1rem);}.kadence-column2139_cacaa2-92 > .kt-inside-inner-col{flex-direction:column;}.kadence-column2139_cacaa2-92 > .kt-inside-inner-col > .aligncenter{width:100%;}.kadence-column2139_cacaa2-92 > .kt-inside-inner-col:before{opacity:0.3;}.kadence-column2139_cacaa2-92{text-align:left;}.kadence-column2139_cacaa2-92{position:relative;}@media all and (max-width: 1024px){.kadence-column2139_cacaa2-92 > .kt-inside-inner-col{flex-direction:column;justify-content:center;}}@media all and (max-width: 767px){.kadence-column2139_cacaa2-92 > .kt-inside-inner-col{flex-direction:column;justify-content:center;}}<\/style>\n<div class=\"wp-block-kadence-column kadence-column2139_cacaa2-92\"><div class=\"kt-inside-inner-col\"><style>.kadence-column2139_df1e6e-98 > .kt-inside-inner-col,.kadence-column2139_df1e6e-98 > .kt-inside-inner-col:before{border-top-left-radius:0px;border-top-right-radius:0px;border-bottom-right-radius:0px;border-bottom-left-radius:0px;}.kadence-column2139_df1e6e-98 > .kt-inside-inner-col{column-gap:var(--global-kb-gap-sm, 1rem);}.kadence-column2139_df1e6e-98 > .kt-inside-inner-col{flex-direction:column;}.kadence-column2139_df1e6e-98 > .kt-inside-inner-col > .aligncenter{width:100%;}.kadence-column2139_df1e6e-98 > .kt-inside-inner-col:before{opacity:0.3;}.kadence-column2139_df1e6e-98{position:relative;}@media all and (max-width: 1024px){.kadence-column2139_df1e6e-98 > .kt-inside-inner-col{flex-direction:column;justify-content:center;}}@media all and (max-width: 767px){.kadence-column2139_df1e6e-98 > .kt-inside-inner-col{flex-direction:column;justify-content:center;}}<\/style>\n<div class=\"wp-block-kadence-column kadence-column2139_df1e6e-98\"><div class=\"kt-inside-inner-col\">\n<h2 class=\"wp-block-heading\"><strong>9 April 2026 at 10:00<\/strong><br>join us for a free webinar | live Q&amp;A session<\/h2>\n<\/div><\/div>\n\n\n\n<p>Most companies handle the warehouse and customs clearance separately. This means double communication, longer response times and the risk of errors at the interface between the two entities. We will show what this looks like when the two teams work together - using specific operational examples.<\/p>\n\n\n<style>.kadence-column2139_51a3b9-cb > .kt-inside-inner-col,.kadence-column2139_51a3b9-cb > .kt-inside-inner-col:before{border-top-left-radius:0px;border-top-right-radius:0px;border-bottom-right-radius:0px;border-bottom-left-radius:0px;}.kadence-column2139_51a3b9-cb > .kt-inside-inner-col{column-gap:var(--global-kb-gap-sm, 1rem);}.kadence-column2139_51a3b9-cb > .kt-inside-inner-col{flex-direction:column;}.kadence-column2139_51a3b9-cb > .kt-inside-inner-col > .aligncenter{width:100%;}.kadence-column2139_51a3b9-cb > .kt-inside-inner-col:before{opacity:0.3;}.kadence-column2139_51a3b9-cb{position:relative;}@media all and (max-width: 1024px){.kadence-column2139_51a3b9-cb > .kt-inside-inner-col{flex-direction:column;justify-content:center;}}@media all and (max-width: 767px){.kadence-column2139_51a3b9-cb > .kt-inside-inner-col{flex-direction:column;justify-content:center;}}<\/style>\n<div class=\"wp-block-kadence-column kadence-column2139_51a3b9-cb\"><div class=\"kt-inside-inner-col\">\n<h2 class=\"wp-block-heading\"><strong>What we will talk about<\/strong><\/h2>\n<\/div><\/div>\n\n\n\n<p><strong>Webinar programme:<\/strong><br><br><strong>Intro:<\/strong> In 30 minutes we will go through five situations where the integration of a warehouse and a customs agency makes a real difference. Not theory - concrete operations, concrete procedures, concrete questions.<\/p>\n\n\n\n<p><strong>List of topics (5 blocks):<\/strong><\/p>\n\n\n\n<p><strong>1. Direct transhipments<\/strong> What documents are required, who is responsible for what and what a step-by-step operation looks like when the warehouse and AC are operating at the same rhythm.<\/p>\n\n\n\n<p><strong>2. recovery procedures<\/strong> What matters most when something goes wrong. How a quick response from two teams reduces the exit time of a procedure and minimises costs for the client.<\/p>\n\n\n\n<p><strong>3 Customs warehouse<\/strong> When is it worth using it, what financial and logistical benefits it brings - and how the workload specifically breaks down between the warehouse and the customs agency.<\/p>\n\n\n\n<p><strong>4 Place recognised<\/strong> What operations is it used for, is it just an export, who can benefit and why a one-stop service changes the economic calculus.<\/p>\n\n\n\n<p><strong>5. customs checks at the warehouse<\/strong> When they occur, how the procedure works and why efficient communication between teams determines how long it will take to handle an inspection.<\/p>\n\n\n\n<p><\/p>\n<\/div><\/div>\n\n\n<style>.kadence-column2139_d3cf72-b1 > .kt-inside-inner-col,.kadence-column2139_d3cf72-b1 > .kt-inside-inner-col:before{border-top-left-radius:0px;border-top-right-radius:0px;border-bottom-right-radius:0px;border-bottom-left-radius:0px;}.kadence-column2139_d3cf72-b1 > .kt-inside-inner-col{column-gap:var(--global-kb-gap-sm, 1rem);}.kadence-column2139_d3cf72-b1 > .kt-inside-inner-col{flex-direction:column;}.kadence-column2139_d3cf72-b1 > .kt-inside-inner-col > .aligncenter{width:100%;}.kadence-column2139_d3cf72-b1 > .kt-inside-inner-col:before{opacity:0.3;}.kadence-column2139_d3cf72-b1{position:relative;}@media all and (max-width: 1024px){.kadence-column2139_d3cf72-b1 > .kt-inside-inner-col{flex-direction:column;justify-content:center;}}@media all and (max-width: 767px){.kadence-column2139_d3cf72-b1 > .kt-inside-inner-col{flex-direction:column;justify-content:center;}}<\/style>\n<div class=\"wp-block-kadence-column kadence-column2139_d3cf72-b1\"><div class=\"kt-inside-inner-col\"><style>.kadence-column2139_eebed4-f5 > .kt-inside-inner-col,.kadence-column2139_eebed4-f5 > .kt-inside-inner-col:before{border-top-left-radius:0px;border-top-right-radius:0px;border-bottom-right-radius:0px;border-bottom-left-radius:0px;}.kadence-column2139_eebed4-f5 > .kt-inside-inner-col{column-gap:var(--global-kb-gap-sm, 1rem);}.kadence-column2139_eebed4-f5 > .kt-inside-inner-col{flex-direction:column;}.kadence-column2139_eebed4-f5 > .kt-inside-inner-col > .aligncenter{width:100%;}.kadence-column2139_eebed4-f5 > .kt-inside-inner-col:before{opacity:0.3;}.kadence-column2139_eebed4-f5{position:relative;}@media all and (max-width: 1024px){.kadence-column2139_eebed4-f5 > .kt-inside-inner-col{flex-direction:column;justify-content:center;}}@media all and (max-width: 767px){.kadence-column2139_eebed4-f5 > .kt-inside-inner-col{flex-direction:column;justify-content:center;}}<\/style>\n<div class=\"wp-block-kadence-column kadence-column2139_eebed4-f5\"><div class=\"kt-inside-inner-col\">\n<figure class=\"wp-block-embed is-type-video is-provider-youtube wp-block-embed-youtube wp-embed-aspect-16-9 wp-has-aspect-ratio\"><div class=\"wp-block-embed__wrapper\">\n<iframe loading=\"lazy\" title=\"Sign up for the webinar: From storage to check-in - key moments!\" width=\"720\" height=\"405\" src=\"https:\/\/www.youtube.com\/embed\/vovAYPpqrtk?feature=oembed&#038;enablejsapi=1&#038;origin=https:\/\/alfaagencjacelna.pl\" frameborder=\"0\" allow=\"accelerometer; autoplay; clipboard-write; encrypted-media; gyroscope; picture-in-picture; web-share\" referrerpolicy=\"strict-origin-when-cross-origin\" allowfullscreen><\/iframe>\n<\/div><\/figure>\n<\/div><\/div>\n\n\n<style>.kadence-column2139_b93994-7f > .kt-inside-inner-col,.kadence-column2139_b93994-7f > .kt-inside-inner-col:before{border-top-left-radius:0px;border-top-right-radius:0px;border-bottom-right-radius:0px;border-bottom-left-radius:0px;}.kadence-column2139_b93994-7f > .kt-inside-inner-col{column-gap:var(--global-kb-gap-sm, 1rem);}.kadence-column2139_b93994-7f > .kt-inside-inner-col{flex-direction:column;}.kadence-column2139_b93994-7f > .kt-inside-inner-col > .aligncenter{width:100%;}.kadence-column2139_b93994-7f > .kt-inside-inner-col:before{opacity:0.3;}.kadence-column2139_b93994-7f{position:relative;}@media all and (max-width: 1024px){.kadence-column2139_b93994-7f > .kt-inside-inner-col{flex-direction:column;justify-content:center;}}@media all and (max-width: 767px){.kadence-column2139_b93994-7f > .kt-inside-inner-col{flex-direction:column;justify-content:center;}}<\/style>\n<div class=\"wp-block-kadence-column kadence-column2139_b93994-7f\"><div class=\"kt-inside-inner-col\">\n<p><br><\/p>\n<\/div><\/div>\n\n\n<style>.kadence-column2139_206bb9-44 > .kt-inside-inner-col,.kadence-column2139_206bb9-44 > .kt-inside-inner-col:before{border-top-left-radius:0px;border-top-right-radius:0px;border-bottom-right-radius:0px;border-bottom-left-radius:0px;}.kadence-column2139_206bb9-44 > .kt-inside-inner-col{column-gap:var(--global-kb-gap-sm, 1rem);}.kadence-column2139_206bb9-44 > .kt-inside-inner-col{flex-direction:column;}.kadence-column2139_206bb9-44 > .kt-inside-inner-col > .aligncenter{width:100%;}.kadence-column2139_206bb9-44 > .kt-inside-inner-col:before{opacity:0.3;}.kadence-column2139_206bb9-44{position:relative;}@media all and (max-width: 1024px){.kadence-column2139_206bb9-44 > .kt-inside-inner-col{flex-direction:column;justify-content:center;}}@media all and (max-width: 767px){.kadence-column2139_206bb9-44 > .kt-inside-inner-col{flex-direction:column;justify-content:center;}}<\/style>\n<div class=\"wp-block-kadence-column kadence-column2139_206bb9-44\"><div class=\"kt-inside-inner-col\"><style>.kadence-column2139_329bf3-e3 > .kt-inside-inner-col,.kadence-column2139_329bf3-e3 > .kt-inside-inner-col:before{border-top-left-radius:0px;border-top-right-radius:0px;border-bottom-right-radius:0px;border-bottom-left-radius:0px;}.kadence-column2139_329bf3-e3 > .kt-inside-inner-col{column-gap:var(--global-kb-gap-sm, 1rem);}.kadence-column2139_329bf3-e3 > .kt-inside-inner-col{flex-direction:column;}.kadence-column2139_329bf3-e3 > .kt-inside-inner-col > .aligncenter{width:100%;}.kadence-column2139_329bf3-e3 > .kt-inside-inner-col:before{opacity:0.3;}.kadence-column2139_329bf3-e3{position:relative;}@media all and (max-width: 1024px){.kadence-column2139_329bf3-e3 > .kt-inside-inner-col{flex-direction:column;justify-content:center;}}@media all and (max-width: 767px){.kadence-column2139_329bf3-e3 > .kt-inside-inner-col{flex-direction:column;justify-content:center;}}<\/style>\n<div class=\"wp-block-kadence-column kadence-column2139_329bf3-e3\"><div class=\"kt-inside-inner-col\">\n<hr class=\"wp-block-separator has-alpha-channel-opacity\"\/>\n<\/div><\/div>\n\n\n<style>.kadence-column2139_1fbc3d-31 > .kt-inside-inner-col,.kadence-column2139_1fbc3d-31 > .kt-inside-inner-col:before{border-top-left-radius:0px;border-top-right-radius:0px;border-bottom-right-radius:0px;border-bottom-left-radius:0px;}.kadence-column2139_1fbc3d-31 > .kt-inside-inner-col{column-gap:var(--global-kb-gap-sm, 1rem);}.kadence-column2139_1fbc3d-31 > .kt-inside-inner-col{flex-direction:column;}.kadence-column2139_1fbc3d-31 > .kt-inside-inner-col > .aligncenter{width:100%;}.kadence-column2139_1fbc3d-31 > .kt-inside-inner-col:before{opacity:0.3;}.kadence-column2139_1fbc3d-31{position:relative;}@media all and (max-width: 1024px){.kadence-column2139_1fbc3d-31 > .kt-inside-inner-col{flex-direction:column;justify-content:center;}}@media all and (max-width: 767px){.kadence-column2139_1fbc3d-31 > .kt-inside-inner-col{flex-direction:column;justify-content:center;}}<\/style>\n<div class=\"wp-block-kadence-column kadence-column2139_1fbc3d-31\"><div class=\"kt-inside-inner-col\">\n<h2 class=\"wp-block-heading\"><strong>For whom<\/strong><\/h2>\n<\/div><\/div>\n<\/div><\/div>\n\n\n<style>.kadence-column2139_3629a0-94 > .kt-inside-inner-col,.kadence-column2139_3629a0-94 > .kt-inside-inner-col:before{border-top-left-radius:0px;border-top-right-radius:0px;border-bottom-right-radius:0px;border-bottom-left-radius:0px;}.kadence-column2139_3629a0-94 > .kt-inside-inner-col{column-gap:var(--global-kb-gap-sm, 1rem);}.kadence-column2139_3629a0-94 > .kt-inside-inner-col{flex-direction:column;}.kadence-column2139_3629a0-94 > .kt-inside-inner-col > .aligncenter{width:100%;}.kadence-column2139_3629a0-94 > .kt-inside-inner-col:before{opacity:0.3;}.kadence-column2139_3629a0-94{position:relative;}@media all and (max-width: 1024px){.kadence-column2139_3629a0-94 > .kt-inside-inner-col{flex-direction:column;justify-content:center;}}@media all and (max-width: 767px){.kadence-column2139_3629a0-94 > .kt-inside-inner-col{flex-direction:column;justify-content:center;}}<\/style>\n<div class=\"wp-block-kadence-column kadence-column2139_3629a0-94\"><div class=\"kt-inside-inner-col\">\n<p>This webinar is for you if:<\/p>\n\n\n\n<ul class=\"wp-block-list\">\n<li>you import or export on a regular basis and want to reduce your customs handling time<\/li>\n\n\n\n<li>you are looking for a solution that will reduce the number of entities to be coordinated on one shipment<\/li>\n\n\n\n<li>you use an external warehouse and an external customs agency and wonder whether this setup costs you money<\/li>\n\n\n\n<li>you have specific questions about customs and warehousing procedures and would like to ask them live<br><br><\/li>\n<\/ul>\n<\/div><\/div>\n\n\n<style>.kadence-column2139_6b821a-66 > .kt-inside-inner-col,.kadence-column2139_6b821a-66 > .kt-inside-inner-col:before{border-top-left-radius:0px;border-top-right-radius:0px;border-bottom-right-radius:0px;border-bottom-left-radius:0px;}.kadence-column2139_6b821a-66 > .kt-inside-inner-col{column-gap:var(--global-kb-gap-sm, 1rem);}.kadence-column2139_6b821a-66 > .kt-inside-inner-col{flex-direction:column;}.kadence-column2139_6b821a-66 > .kt-inside-inner-col > .aligncenter{width:100%;}.kadence-column2139_6b821a-66 > .kt-inside-inner-col:before{opacity:0.3;}.kadence-column2139_6b821a-66{position:relative;}@media all and (max-width: 1024px){.kadence-column2139_6b821a-66 > .kt-inside-inner-col{flex-direction:column;justify-content:center;}}@media all and (max-width: 767px){.kadence-column2139_6b821a-66 > .kt-inside-inner-col{flex-direction:column;justify-content:center;}}<\/style>\n<div class=\"wp-block-kadence-column kadence-column2139_6b821a-66\"><div class=\"kt-inside-inner-col\">\n<p><\/p>\n<\/div><\/div>\n\n\n\n<hr class=\"wp-block-separator has-alpha-channel-opacity\"\/>\n\n\n<style>.kadence-column2139_ea2644-bc > .kt-inside-inner-col{display:flex;}.kadence-column2139_ea2644-bc > .kt-inside-inner-col,.kadence-column2139_ea2644-bc > .kt-inside-inner-col:before{border-top-left-radius:0px;border-top-right-radius:0px;border-bottom-right-radius:0px;border-bottom-left-radius:0px;}.kadence-column2139_ea2644-bc > .kt-inside-inner-col{column-gap:var(--global-kb-gap-sm, 1rem);}.kadence-column2139_ea2644-bc > .kt-inside-inner-col{flex-direction:column;justify-content:space-between;align-items:stretch;}.kadence-column2139_ea2644-bc > .kt-inside-inner-col > .kb-image-is-ratio-size{align-self:stretch;}.kadence-column2139_ea2644-bc > .kt-inside-inner-col > .wp-block-kadence-advancedgallery{align-self:stretch;}.kadence-column2139_ea2644-bc > .kt-inside-inner-col > .aligncenter{width:100%;}.kt-row-column-wrap > .kadence-column2139_ea2644-bc{align-self:center;}.kt-inner-column-height-full:not(.kt-has-1-columns) > .wp-block-kadence-column.kadence-column2139_ea2644-bc{align-self:auto;}.kt-inner-column-height-full:not(.kt-has-1-columns) > .wp-block-kadence-column.kadence-column2139_ea2644-bc > .kt-inside-inner-col{flex-direction:column;justify-content:space-between;}.kadence-column2139_ea2644-bc > .kt-inside-inner-col:before{opacity:0.3;}.kadence-column2139_ea2644-bc{text-align:center;}.kadence-column2139_ea2644-bc{position:relative;}@media all and (max-width: 1024px){.kadence-column2139_ea2644-bc > .kt-inside-inner-col{min-height:800px;flex-direction:column;justify-content:space-between;align-items:stretch;}}@media all and (max-width: 1024px){.kt-row-column-wrap > .kadence-column2139_ea2644-bc{align-self:center;}}@media all and (max-width: 1024px){.kt-inner-column-height-full:not(.kt-has-1-columns) > .wp-block-kadence-column.kadence-column2139_ea2644-bc{align-self:auto;}}@media all and (max-width: 1024px){.kt-inner-column-height-full:not(.kt-has-1-columns) > .wp-block-kadence-column.kadence-column2139_ea2644-bc > .kt-inside-inner-col{flex-direction:column;justify-content:space-between;}}@media all and (max-width: 767px){.kt-row-column-wrap > .kadence-column2139_ea2644-bc{align-self:center;}.kt-inner-column-height-full:not(.kt-has-1-columns) > .wp-block-kadence-column.kadence-column2139_ea2644-bc{align-self:auto;}.kt-inner-column-height-full:not(.kt-has-1-columns) > .wp-block-kadence-column.kadence-column2139_ea2644-bc > .kt-inside-inner-col{flex-direction:column;justify-content:space-between;}.kadence-column2139_ea2644-bc > .kt-inside-inner-col{flex-direction:column;justify-content:space-between;align-items:stretch;}}.kadence-column741_245bd9-dd .kt-inside-inner-col {height: 1000px;}iframe {    border-width: 0 !important;}<\/style>\n<section class=\"wp-block-kadence-column kadence-column2139_ea2644-bc\"><div class=\"kt-inside-inner-col\"><style>.kadence-column2139_397ebd-2f > .kt-inside-inner-col,.kadence-column2139_397ebd-2f > .kt-inside-inner-col:before{border-top-left-radius:0px;border-top-right-radius:0px;border-bottom-right-radius:0px;border-bottom-left-radius:0px;}.kadence-column2139_397ebd-2f > .kt-inside-inner-col{column-gap:var(--global-kb-gap-sm, 1rem);}.kadence-column2139_397ebd-2f > .kt-inside-inner-col{flex-direction:column;}.kadence-column2139_397ebd-2f > .kt-inside-inner-col > .aligncenter{width:100%;}.kadence-column2139_397ebd-2f > .kt-inside-inner-col:before{opacity:0.3;}.kadence-column2139_397ebd-2f{position:relative;}@media all and (max-width: 1024px){.kadence-column2139_397ebd-2f > .kt-inside-inner-col{flex-direction:column;justify-content:center;}}@media all and (max-width: 767px){.kadence-column2139_397ebd-2f > .kt-inside-inner-col{flex-direction:column;justify-content:center;}}<\/style>\n<div class=\"wp-block-kadence-column kadence-column2139_397ebd-2f\"><div class=\"kt-inside-inner-col\"><\/div><\/div>\n\n\n<style>.kadence-column2139_de4b23-2f > .kt-inside-inner-col,.kadence-column2139_de4b23-2f > .kt-inside-inner-col:before{border-top-left-radius:0px;border-top-right-radius:0px;border-bottom-right-radius:0px;border-bottom-left-radius:0px;}.kadence-column2139_de4b23-2f > .kt-inside-inner-col{column-gap:var(--global-kb-gap-sm, 1rem);}.kadence-column2139_de4b23-2f > .kt-inside-inner-col{flex-direction:column;}.kadence-column2139_de4b23-2f > .kt-inside-inner-col > .aligncenter{width:100%;}.kadence-column2139_de4b23-2f > .kt-inside-inner-col:before{opacity:0.3;}.kadence-column2139_de4b23-2f{position:relative;}@media all and (max-width: 1024px){.kadence-column2139_de4b23-2f > .kt-inside-inner-col{flex-direction:column;justify-content:center;}}@media all and (max-width: 767px){.kadence-column2139_de4b23-2f > .kt-inside-inner-col{flex-direction:column;justify-content:center;}}<\/style>\n<div class=\"wp-block-kadence-column kadence-column2139_de4b23-2f\"><div class=\"kt-inside-inner-col\">\n<h2 class=\"wp-block-heading has-text-align-left\"><strong>Sign up for the webinar:<\/strong><\/h2>\n<\/div><\/div>\n\n\n\n<iframe loading=\"lazy\" src=\"https:\/\/webinar.getresponse.com\/CiQpA\/jedna-operacja-dwa-zepoly-wspolpraca-magazynu-i-agencji-celnej\" width=\"100%\" height=\"1000\"><\/iframe>\n<\/div><\/section>\n\n\n<style>.kadence-column2139_c9b399-8c > .kt-inside-inner-col,.kadence-column2139_c9b399-8c > .kt-inside-inner-col:before{border-top-left-radius:0px;border-top-right-radius:0px;border-bottom-right-radius:0px;border-bottom-left-radius:0px;}.kadence-column2139_c9b399-8c > .kt-inside-inner-col{column-gap:var(--global-kb-gap-sm, 1rem);}.kadence-column2139_c9b399-8c > .kt-inside-inner-col{flex-direction:column;}.kadence-column2139_c9b399-8c > .kt-inside-inner-col > .aligncenter{width:100%;}.kadence-column2139_c9b399-8c > .kt-inside-inner-col:before{opacity:0.3;}.kadence-column2139_c9b399-8c{position:relative;}@media all and (max-width: 1024px){.kadence-column2139_c9b399-8c > .kt-inside-inner-col{flex-direction:column;justify-content:center;}}@media all and (max-width: 767px){.kadence-column2139_c9b399-8c > .kt-inside-inner-col{flex-direction:column;justify-content:center;}}<\/style>\n<div class=\"wp-block-kadence-column kadence-column2139_c9b399-8c\"><div class=\"kt-inside-inner-col\"><\/div><\/div>\n<\/div><\/div>\n\n\n<style>.kadence-column2139_e986c4-a7 > .kt-inside-inner-col,.kadence-column2139_e986c4-a7 > .kt-inside-inner-col:before{border-top-left-radius:0px;border-top-right-radius:0px;border-bottom-right-radius:0px;border-bottom-left-radius:0px;}.kadence-column2139_e986c4-a7 > .kt-inside-inner-col{column-gap:var(--global-kb-gap-sm, 1rem);}.kadence-column2139_e986c4-a7 > .kt-inside-inner-col{flex-direction:column;}.kadence-column2139_e986c4-a7 > .kt-inside-inner-col > .aligncenter{width:100%;}.kadence-column2139_e986c4-a7 > .kt-inside-inner-col:before{opacity:0.3;}.kadence-column2139_e986c4-a7{position:relative;}@media all and (max-width: 1024px){.kadence-column2139_e986c4-a7 > .kt-inside-inner-col{flex-direction:column;justify-content:center;}}@media all and (max-width: 767px){.kadence-column2139_e986c4-a7 > .kt-inside-inner-col{flex-direction:column;justify-content:center;}}<\/style>\n<div class=\"wp-block-kadence-column kadence-column2139_e986c4-a7\"><div class=\"kt-inside-inner-col\">\n<p><\/p>\n<\/div><\/div>\n\n<\/div><\/div>","protected":false},"excerpt":{"rendered":"<p>9 kwietnia 2026 o godzinie 10:00zapraszamy na bezp\u0142atny webinar | sesja Q&amp;A na \u017cywo Wi\u0119kszo\u015b\u0107 firm obs\u0142uguje magazyn i odpraw\u0119 celn\u0105 osobno. To oznacza podw\u00f3jn\u0105 komunikacj\u0119, d\u0142u\u017csze czasy reakcji i ryzyko b\u0142\u0119d\u00f3w na styku dw\u00f3ch podmiot\u00f3w. Poka\u017cemy, jak wygl\u0105da to, gdy oba zespo\u0142y dzia\u0142aj\u0105 razem &#8211; na konkretnych przyk\u0142adach operacyjnych. O czym porozmawiamy Program webinaru:&#8230;<\/p>","protected":false},"author":3,"featured_media":0,"parent":0,"menu_order":0,"comment_status":"closed","ping_status":"closed","template":"","meta":{"_kad_blocks_custom_css":"","_kad_blocks_head_custom_js":"","_kad_blocks_body_custom_js":"","_kad_blocks_footer_custom_js":"","_kad_post_transparent":"","_kad_post_title":"","_kad_post_layout":"normal","_kad_post_sidebar_id":"","_kad_post_content_style":"","_kad_post_vertical_padding":"","_kad_post_feature":"","_kad_post_feature_position":"","_kad_post_header":false,"_kad_post_footer":false,"_kad_post_classname":"","footnotes":""},"class_list":["post-2139","page","type-page","status-publish","hentry"],"taxonomy_info":[],"featured_image_src_large":false,"author_info":{"display_name":"Mariusz","author_link":"https:\/\/alfaagencjacelna.pl\/en\/author\/mariusz\/"},"comment_info":0,"_links":{"self":[{"href":"https:\/\/alfaagencjacelna.pl\/en\/wp-json\/wp\/v2\/pages\/2139","targetHints":{"allow":["GET"]}}],"collection":[{"href":"https:\/\/alfaagencjacelna.pl\/en\/wp-json\/wp\/v2\/pages"}],"about":[{"href":"https:\/\/alfaagencjacelna.pl\/en\/wp-json\/wp\/v2\/types\/page"}],"author":[{"embeddable":true,"href":"https:\/\/alfaagencjacelna.pl\/en\/wp-json\/wp\/v2\/users\/3"}],"replies":[{"embeddable":true,"href":"https:\/\/alfaagencjacelna.pl\/en\/wp-json\/wp\/v2\/comments?post=2139"}],"version-history":[{"count":14,"href":"https:\/\/alfaagencjacelna.pl\/en\/wp-json\/wp\/v2\/pages\/2139\/revisions"}],"predecessor-version":[{"id":2158,"href":"https:\/\/alfaagencjacelna.pl\/en\/wp-json\/wp\/v2\/pages\/2139\/revisions\/2158"}],"wp:attachment":[{"href":"https:\/\/alfaagencjacelna.pl\/en\/wp-json\/wp\/v2\/media?parent=2139"}],"curies":[{"name":"wp","href":"https:\/\/api.w.org\/{rel}","templated":true}]}}